{"id":1570,"date":"2022-10-13T00:21:35","date_gmt":"2022-10-13T05:21:35","guid":{"rendered":"https:\/\/bioandeanexpeditions.com\/salkantay-to-machupicchu-4d-3n-full-tent-by-bus\/"},"modified":"2025-11-15T10:47:50","modified_gmt":"2025-11-15T15:47:50","slug":"salkantay-a-machupicchu-4d-3n-tienda-llena-por-bus","status":"publish","type":"page","link":"https:\/\/bioandeanexpeditions.com\/es\/salkantay-a-machupicchu-4d-3n-tienda-llena-por-bus\/","title":{"rendered":"Salkantay a Machupicchu con carpa por bus &#8211; 4D\/3N"},"content":{"rendered":"<p>El tour Salkantay a Machu Picchu es una de las rutas de trekking m\u00e1s populares en la regi\u00f3n de Cusco, Per\u00fa. Esta caminata de 4 d\u00edas y 3 noches lleva a los aventureros a trav\u00e9s de hermosos paisajes andinos, pasando por monta\u00f1as imponentes, valles verdes y r\u00edos cristalinos. El punto culminante de la caminata es la llegada a Machu Picchu, una de las maravillas del mundo moderno y uno de los destinos tur\u00edsticos m\u00e1s visitados de Am\u00e9rica del Sur. Durante la caminata, los viajeros tendr\u00e1n la oportunidad de experimentar la cultura local y conocer a los habitantes de las comunidades andinas.<\/p>\n","protected":false},"excerpt":{"rendered":"<p>El tour Salkantay a Machu Picchu es una de las rutas de trekking m\u00e1s populares en la regi\u00f3n de Cusco, Per\u00fa. Esta caminata de 4 d\u00edas y 3 noches lleva a los aventureros a trav\u00e9s de hermosos paisajes andinos, pasando por monta\u00f1as imponentes, valles verdes y r\u00edos cristalinos. El punto culminante de la caminata es [&hellip;]<\/p>\n","protected":false},"author":1,"featured_media":5713,"parent":0,"menu_order":0,"comment_status":"closed","ping_status":"closed","template":"","meta":{"_acf_changed":false,"inline_featured_image":false,"footnotes":""},"categories":[18],"tags":[],"class_list":["post-1570","page","type-page","status-publish","has-post-thumbnail","hentry","category-treks-alternativos"],"acf":[],"yoast_head":"<!-- This site is optimized with the Yoast SEO plugin v27.3 - https:\/\/yoast.com\/product\/yoast-seo-wordpress\/ -->\n<title>Salkantay a Machupicchu con carpa por bus - 4D\/3N - Bioandean Expeditions<\/title>\n<meta name=\"robots\" content=\"index, follow, max-snippet:-1, max-image-preview:large, max-video-preview:-1\" \/>\n<link rel=\"canonical\" href=\"https:\/\/bioandeanexpeditions.com\/es\/salkantay-a-machupicchu-4d-3n-tienda-llena-por-bus\/\" \/>\n<meta property=\"og:locale\" content=\"es_ES\" \/>\n<meta property=\"og:type\" content=\"article\" \/>\n<meta property=\"og:title\" content=\"Salkantay a Machupicchu con carpa por bus - 4D\/3N - Bioandean Expeditions\" \/>\n<meta property=\"og:description\" content=\"El tour Salkantay a Machu Picchu es una de las rutas de trekking m\u00e1s populares en la regi\u00f3n de Cusco, Per\u00fa. Esta caminata de 4 d\u00edas y 3 noches lleva a los aventureros a trav\u00e9s de hermosos paisajes andinos, pasando por monta\u00f1as imponentes, valles verdes y r\u00edos cristalinos. El punto culminante de la caminata es [&hellip;]\" \/>\n<meta property=\"og:url\" content=\"https:\/\/bioandeanexpeditions.com\/es\/salkantay-a-machupicchu-4d-3n-tienda-llena-por-bus\/\" \/>\n<meta property=\"og:site_name\" content=\"Bioandean Expeditions\" \/>\n<meta property=\"article:modified_time\" content=\"2025-11-15T15:47:50+00:00\" \/>\n<meta property=\"og:image\" content=\"https:\/\/bioandeanexpeditions.com\/wp-content\/uploads\/salkantay-cusco-montana.jpg\" \/>\n\t<meta property=\"og:image:width\" content=\"2458\" \/>\n\t<meta property=\"og:image:height\" content=\"1383\" \/>\n\t<meta property=\"og:image:type\" content=\"image\/jpeg\" \/>\n<meta name=\"twitter:card\" content=\"summary_large_image\" \/>\n<meta name=\"twitter:label1\" content=\"Est. reading time\" \/>\n\t<meta name=\"twitter:data1\" content=\"1 minute\" \/>\n<script type=\"application\/ld+json\" class=\"yoast-schema-graph\">{\"@context\":\"https:\\\/\\\/schema.org\",\"@graph\":[{\"@type\":\"WebPage\",\"@id\":\"https:\\\/\\\/bioandeanexpeditions.com\\\/es\\\/salkantay-a-machupicchu-4d-3n-tienda-llena-por-bus\\\/\",\"url\":\"https:\\\/\\\/bioandeanexpeditions.com\\\/es\\\/salkantay-a-machupicchu-4d-3n-tienda-llena-por-bus\\\/\",\"name\":\"Salkantay a Machupicchu con carpa por bus - 4D\\\/3N - Bioandean Expeditions\",\"isPartOf\":{\"@id\":\"https:\\\/\\\/bioandeanexpeditions.com\\\/es\\\/#website\"},\"primaryImageOfPage\":{\"@id\":\"https:\\\/\\\/bioandeanexpeditions.com\\\/es\\\/salkantay-a-machupicchu-4d-3n-tienda-llena-por-bus\\\/#primaryimage\"},\"image\":{\"@id\":\"https:\\\/\\\/bioandeanexpeditions.com\\\/es\\\/salkantay-a-machupicchu-4d-3n-tienda-llena-por-bus\\\/#primaryimage\"},\"thumbnailUrl\":\"https:\\\/\\\/bioandeanexpeditions.com\\\/wp-content\\\/uploads\\\/salkantay-cusco-montana.jpg\",\"datePublished\":\"2022-10-13T05:21:35+00:00\",\"dateModified\":\"2025-11-15T15:47:50+00:00\",\"breadcrumb\":{\"@id\":\"https:\\\/\\\/bioandeanexpeditions.com\\\/es\\\/salkantay-a-machupicchu-4d-3n-tienda-llena-por-bus\\\/#breadcrumb\"},\"inLanguage\":\"es-ES\",\"potentialAction\":[{\"@type\":\"ReadAction\",\"target\":[\"https:\\\/\\\/bioandeanexpeditions.com\\\/es\\\/salkantay-a-machupicchu-4d-3n-tienda-llena-por-bus\\\/\"]}]},{\"@type\":\"ImageObject\",\"inLanguage\":\"es-ES\",\"@id\":\"https:\\\/\\\/bioandeanexpeditions.com\\\/es\\\/salkantay-a-machupicchu-4d-3n-tienda-llena-por-bus\\\/#primaryimage\",\"url\":\"https:\\\/\\\/bioandeanexpeditions.com\\\/wp-content\\\/uploads\\\/salkantay-cusco-montana.jpg\",\"contentUrl\":\"https:\\\/\\\/bioandeanexpeditions.com\\\/wp-content\\\/uploads\\\/salkantay-cusco-montana.jpg\",\"width\":2458,\"height\":1383},{\"@type\":\"BreadcrumbList\",\"@id\":\"https:\\\/\\\/bioandeanexpeditions.com\\\/es\\\/salkantay-a-machupicchu-4d-3n-tienda-llena-por-bus\\\/#breadcrumb\",\"itemListElement\":[{\"@type\":\"ListItem\",\"position\":1,\"name\":\"Home\",\"item\":\"https:\\\/\\\/bioandeanexpeditions.com\\\/es\\\/\"},{\"@type\":\"ListItem\",\"position\":2,\"name\":\"Salkantay a Machupicchu con carpa por bus &#8211; 4D\\\/3N\"}]},{\"@type\":\"WebSite\",\"@id\":\"https:\\\/\\\/bioandeanexpeditions.com\\\/es\\\/#website\",\"url\":\"https:\\\/\\\/bioandeanexpeditions.com\\\/es\\\/\",\"name\":\"Bioandean Expeditions\",\"description\":\"\",\"potentialAction\":[{\"@type\":\"SearchAction\",\"target\":{\"@type\":\"EntryPoint\",\"urlTemplate\":\"https:\\\/\\\/bioandeanexpeditions.com\\\/es\\\/?s={search_term_string}\"},\"query-input\":{\"@type\":\"PropertyValueSpecification\",\"valueRequired\":true,\"valueName\":\"search_term_string\"}}],\"inLanguage\":\"es-ES\"}]}<\/script>\n<!-- \/ Yoast SEO plugin. -->","yoast_head_json":{"title":"Salkantay a Machupicchu con carpa por bus - 4D\/3N - Bioandean Expeditions","robots":{"index":"index","follow":"follow","max-snippet":"max-snippet:-1","max-image-preview":"max-image-preview:large","max-video-preview":"max-video-preview:-1"},"canonical":"https:\/\/bioandeanexpeditions.com\/es\/salkantay-a-machupicchu-4d-3n-tienda-llena-por-bus\/","og_locale":"es_ES","og_type":"article","og_title":"Salkantay a Machupicchu con carpa por bus - 4D\/3N - Bioandean Expeditions","og_description":"El tour Salkantay a Machu Picchu es una de las rutas de trekking m\u00e1s populares en la regi\u00f3n de Cusco, Per\u00fa. Esta caminata de 4 d\u00edas y 3 noches lleva a los aventureros a trav\u00e9s de hermosos paisajes andinos, pasando por monta\u00f1as imponentes, valles verdes y r\u00edos cristalinos. El punto culminante de la caminata es [&hellip;]","og_url":"https:\/\/bioandeanexpeditions.com\/es\/salkantay-a-machupicchu-4d-3n-tienda-llena-por-bus\/","og_site_name":"Bioandean Expeditions","article_modified_time":"2025-11-15T15:47:50+00:00","og_image":[{"width":2458,"height":1383,"url":"https:\/\/bioandeanexpeditions.com\/wp-content\/uploads\/salkantay-cusco-montana.jpg","type":"image\/jpeg"}],"twitter_card":"summary_large_image","twitter_misc":{"Est. reading time":"1 minute"},"schema":{"@context":"https:\/\/schema.org","@graph":[{"@type":"WebPage","@id":"https:\/\/bioandeanexpeditions.com\/es\/salkantay-a-machupicchu-4d-3n-tienda-llena-por-bus\/","url":"https:\/\/bioandeanexpeditions.com\/es\/salkantay-a-machupicchu-4d-3n-tienda-llena-por-bus\/","name":"Salkantay a Machupicchu con carpa por bus - 4D\/3N - Bioandean Expeditions","isPartOf":{"@id":"https:\/\/bioandeanexpeditions.com\/es\/#website"},"primaryImageOfPage":{"@id":"https:\/\/bioandeanexpeditions.com\/es\/salkantay-a-machupicchu-4d-3n-tienda-llena-por-bus\/#primaryimage"},"image":{"@id":"https:\/\/bioandeanexpeditions.com\/es\/salkantay-a-machupicchu-4d-3n-tienda-llena-por-bus\/#primaryimage"},"thumbnailUrl":"https:\/\/bioandeanexpeditions.com\/wp-content\/uploads\/salkantay-cusco-montana.jpg","datePublished":"2022-10-13T05:21:35+00:00","dateModified":"2025-11-15T15:47:50+00:00","breadcrumb":{"@id":"https:\/\/bioandeanexpeditions.com\/es\/salkantay-a-machupicchu-4d-3n-tienda-llena-por-bus\/#breadcrumb"},"inLanguage":"es-ES","potentialAction":[{"@type":"ReadAction","target":["https:\/\/bioandeanexpeditions.com\/es\/salkantay-a-machupicchu-4d-3n-tienda-llena-por-bus\/"]}]},{"@type":"ImageObject","inLanguage":"es-ES","@id":"https:\/\/bioandeanexpeditions.com\/es\/salkantay-a-machupicchu-4d-3n-tienda-llena-por-bus\/#primaryimage","url":"https:\/\/bioandeanexpeditions.com\/wp-content\/uploads\/salkantay-cusco-montana.jpg","contentUrl":"https:\/\/bioandeanexpeditions.com\/wp-content\/uploads\/salkantay-cusco-montana.jpg","width":2458,"height":1383},{"@type":"BreadcrumbList","@id":"https:\/\/bioandeanexpeditions.com\/es\/salkantay-a-machupicchu-4d-3n-tienda-llena-por-bus\/#breadcrumb","itemListElement":[{"@type":"ListItem","position":1,"name":"Home","item":"https:\/\/bioandeanexpeditions.com\/es\/"},{"@type":"ListItem","position":2,"name":"Salkantay a Machupicchu con carpa por bus &#8211; 4D\/3N"}]},{"@type":"WebSite","@id":"https:\/\/bioandeanexpeditions.com\/es\/#website","url":"https:\/\/bioandeanexpeditions.com\/es\/","name":"Bioandean Expeditions","description":"","potentialAction":[{"@type":"SearchAction","target":{"@type":"EntryPoint","urlTemplate":"https:\/\/bioandeanexpeditions.com\/es\/?s={search_term_string}"},"query-input":{"@type":"PropertyValueSpecification","valueRequired":true,"valueName":"search_term_string"}}],"inLanguage":"es-ES"}]}},"_links":{"self":[{"href":"https:\/\/bioandeanexpeditions.com\/es\/wp-json\/wp\/v2\/pages\/1570","targetHints":{"allow":["GET"]}}],"collection":[{"href":"https:\/\/bioandeanexpeditions.com\/es\/wp-json\/wp\/v2\/pages"}],"about":[{"href":"https:\/\/bioandeanexpeditions.com\/es\/wp-json\/wp\/v2\/types\/page"}],"author":[{"embeddable":true,"href":"https:\/\/bioandeanexpeditions.com\/es\/wp-json\/wp\/v2\/users\/1"}],"replies":[{"embeddable":true,"href":"https:\/\/bioandeanexpeditions.com\/es\/wp-json\/wp\/v2\/comments?post=1570"}],"version-history":[{"count":23,"href":"https:\/\/bioandeanexpeditions.com\/es\/wp-json\/wp\/v2\/pages\/1570\/revisions"}],"predecessor-version":[{"id":5729,"href":"https:\/\/bioandeanexpeditions.com\/es\/wp-json\/wp\/v2\/pages\/1570\/revisions\/5729"}],"wp:featuredmedia":[{"embeddable":true,"href":"https:\/\/bioandeanexpeditions.com\/es\/wp-json\/wp\/v2\/media\/5713"}],"wp:attachment":[{"href":"https:\/\/bioandeanexpeditions.com\/es\/wp-json\/wp\/v2\/media?parent=1570"}],"wp:term":[{"taxonomy":"category","embeddable":true,"href":"https:\/\/bioandeanexpeditions.com\/es\/wp-json\/wp\/v2\/categories?post=1570"},{"taxonomy":"post_tag","embeddable":true,"href":"https:\/\/bioandeanexpeditions.com\/es\/wp-json\/wp\/v2\/tags?post=1570"}],"curies":[{"name":"wp","href":"https:\/\/api.w.org\/{rel}","templated":true}]}}