{"id":1945,"date":"2022-10-28T22:40:14","date_gmt":"2022-10-29T03:40:14","guid":{"rendered":"https:\/\/bioandeanexpeditions.com\/machupicchu-by-train-2d1n\/"},"modified":"2023-08-14T12:26:27","modified_gmt":"2023-08-14T17:26:27","slug":"machupicchu-por-tren-2d-1n","status":"publish","type":"page","link":"https:\/\/bioandeanexpeditions.com\/es\/machupicchu-por-tren-2d-1n\/","title":{"rendered":"Machupicchu por tren &#8211; 2D\/1N"},"content":{"rendered":"<p>Descubre la maravilla perdida de Machu Picchu, una joya arqueol\u00f3gica enclavada en las majestuosas monta\u00f1as de los Andes peruanos. Este antiguo santuario inca, considerado una de las maravillas del mundo moderno, te espera con sus misterios y su belleza indescriptible.<\/p>\n<p>Prep\u00e1rate para caminar por los mismos senderos que los incas recorr\u00edan hace siglos y d\u00e9jate seducir por la magia de este lugar sagrado. Machu Picchu te espera con sus secretos y su esplendor intactos, listo para revelarte su historia y su esencia. \u00a1Ven y descubre la belleza eterna de Machu Picchu, un tesoro que te dejar\u00e1 sin palabras!<\/p>\n","protected":false},"excerpt":{"rendered":"<p>Descubre la maravilla perdida de Machu Picchu, una joya arqueol\u00f3gica enclavada en las majestuosas monta\u00f1as de los Andes peruanos. Este antiguo santuario inca, considerado una de las maravillas del mundo moderno, te espera con sus misterios y su belleza indescriptible. Prep\u00e1rate para caminar por los mismos senderos que los incas recorr\u00edan hace siglos y d\u00e9jate [&hellip;]<\/p>\n","protected":false},"author":1,"featured_media":5395,"parent":0,"menu_order":0,"comment_status":"closed","ping_status":"closed","template":"","meta":{"_acf_changed":false,"inline_featured_image":false,"footnotes":""},"categories":[21],"tags":[],"class_list":["post-1945","page","type-page","status-publish","has-post-thumbnail","hentry","category-tours-machu-picchu"],"acf":[],"yoast_head":"<!-- This site is optimized with the Yoast SEO plugin v26.3 - https:\/\/yoast.com\/wordpress\/plugins\/seo\/ -->\n<title>Machupicchu por tren - 2D\/1N - Bioandean Expeditions<\/title>\n<meta name=\"description\" content=\"Descubre la maravilla perdida de Machu Picchu, una joya arqueol\u00f3gica enclavada en las majestuosas monta\u00f1as de los Andes peruanos...\" \/>\n<meta name=\"robots\" content=\"index, follow, max-snippet:-1, max-image-preview:large, max-video-preview:-1\" \/>\n<link rel=\"canonical\" href=\"https:\/\/bioandeanexpeditions.com\/es\/machupicchu-por-tren-2d-1n\/\" \/>\n<meta property=\"og:locale\" content=\"es_ES\" \/>\n<meta property=\"og:type\" content=\"article\" \/>\n<meta property=\"og:title\" content=\"Machupicchu por tren - 2D\/1N - Bioandean Expeditions\" \/>\n<meta property=\"og:description\" content=\"Descubre la maravilla perdida de Machu Picchu, una joya arqueol\u00f3gica enclavada en las majestuosas monta\u00f1as de los Andes peruanos...\" \/>\n<meta property=\"og:url\" content=\"https:\/\/bioandeanexpeditions.com\/es\/machupicchu-por-tren-2d-1n\/\" \/>\n<meta property=\"og:site_name\" content=\"Bioandean Expeditions\" \/>\n<meta property=\"article:modified_time\" content=\"2023-08-14T17:26:27+00:00\" \/>\n<meta property=\"og:image\" content=\"https:\/\/bioandeanexpeditions.com\/wp-content\/uploads\/machupicchu-by-train-2d-1n-1.jpg\" \/>\n\t<meta property=\"og:image:width\" content=\"1436\" \/>\n\t<meta property=\"og:image:height\" content=\"819\" \/>\n\t<meta property=\"og:image:type\" content=\"image\/jpeg\" \/>\n<meta name=\"twitter:card\" content=\"summary_large_image\" \/>\n<meta name=\"twitter:label1\" content=\"Est. reading time\" \/>\n\t<meta name=\"twitter:data1\" content=\"1 minute\" \/>\n<script type=\"application\/ld+json\" class=\"yoast-schema-graph\">{\"@context\":\"https:\/\/schema.org\",\"@graph\":[{\"@type\":\"WebPage\",\"@id\":\"https:\/\/bioandeanexpeditions.com\/es\/machupicchu-por-tren-2d-1n\/\",\"url\":\"https:\/\/bioandeanexpeditions.com\/es\/machupicchu-por-tren-2d-1n\/\",\"name\":\"Machupicchu por tren - 2D\/1N - Bioandean Expeditions\",\"isPartOf\":{\"@id\":\"https:\/\/bioandeanexpeditions.com\/es\/#website\"},\"primaryImageOfPage\":{\"@id\":\"https:\/\/bioandeanexpeditions.com\/es\/machupicchu-por-tren-2d-1n\/#primaryimage\"},\"image\":{\"@id\":\"https:\/\/bioandeanexpeditions.com\/es\/machupicchu-por-tren-2d-1n\/#primaryimage\"},\"thumbnailUrl\":\"https:\/\/bioandeanexpeditions.com\/wp-content\/uploads\/N83A9523-scaled.jpg\",\"datePublished\":\"2022-10-29T03:40:14+00:00\",\"dateModified\":\"2023-08-14T17:26:27+00:00\",\"description\":\"Descubre la maravilla perdida de Machu Picchu, una joya arqueol\u00f3gica enclavada en las majestuosas monta\u00f1as de los Andes peruanos...\",\"breadcrumb\":{\"@id\":\"https:\/\/bioandeanexpeditions.com\/es\/machupicchu-por-tren-2d-1n\/#breadcrumb\"},\"inLanguage\":\"es-ES\",\"potentialAction\":[{\"@type\":\"ReadAction\",\"target\":[\"https:\/\/bioandeanexpeditions.com\/es\/machupicchu-por-tren-2d-1n\/\"]}]},{\"@type\":\"ImageObject\",\"inLanguage\":\"es-ES\",\"@id\":\"https:\/\/bioandeanexpeditions.com\/es\/machupicchu-por-tren-2d-1n\/#primaryimage\",\"url\":\"https:\/\/bioandeanexpeditions.com\/wp-content\/uploads\/N83A9523-scaled.jpg\",\"contentUrl\":\"https:\/\/bioandeanexpeditions.com\/wp-content\/uploads\/N83A9523-scaled.jpg\",\"width\":2560,\"height\":1707},{\"@type\":\"BreadcrumbList\",\"@id\":\"https:\/\/bioandeanexpeditions.com\/es\/machupicchu-por-tren-2d-1n\/#breadcrumb\",\"itemListElement\":[{\"@type\":\"ListItem\",\"position\":1,\"name\":\"Home\",\"item\":\"https:\/\/bioandeanexpeditions.com\/es\/\"},{\"@type\":\"ListItem\",\"position\":2,\"name\":\"Machupicchu por tren &#8211; 2D\/1N\"}]},{\"@type\":\"WebSite\",\"@id\":\"https:\/\/bioandeanexpeditions.com\/es\/#website\",\"url\":\"https:\/\/bioandeanexpeditions.com\/es\/\",\"name\":\"Bioandean Expeditions\",\"description\":\"\",\"potentialAction\":[{\"@type\":\"SearchAction\",\"target\":{\"@type\":\"EntryPoint\",\"urlTemplate\":\"https:\/\/bioandeanexpeditions.com\/es\/?s={search_term_string}\"},\"query-input\":{\"@type\":\"PropertyValueSpecification\",\"valueRequired\":true,\"valueName\":\"search_term_string\"}}],\"inLanguage\":\"es-ES\"}]}<\/script>\n<!-- \/ Yoast SEO plugin. -->","yoast_head_json":{"title":"Machupicchu por tren - 2D\/1N - Bioandean Expeditions","description":"Descubre la maravilla perdida de Machu Picchu, una joya arqueol\u00f3gica enclavada en las majestuosas monta\u00f1as de los Andes peruanos...","robots":{"index":"index","follow":"follow","max-snippet":"max-snippet:-1","max-image-preview":"max-image-preview:large","max-video-preview":"max-video-preview:-1"},"canonical":"https:\/\/bioandeanexpeditions.com\/es\/machupicchu-por-tren-2d-1n\/","og_locale":"es_ES","og_type":"article","og_title":"Machupicchu por tren - 2D\/1N - Bioandean Expeditions","og_description":"Descubre la maravilla perdida de Machu Picchu, una joya arqueol\u00f3gica enclavada en las majestuosas monta\u00f1as de los Andes peruanos...","og_url":"https:\/\/bioandeanexpeditions.com\/es\/machupicchu-por-tren-2d-1n\/","og_site_name":"Bioandean Expeditions","article_modified_time":"2023-08-14T17:26:27+00:00","og_image":[{"width":1436,"height":819,"url":"https:\/\/bioandeanexpeditions.com\/wp-content\/uploads\/machupicchu-by-train-2d-1n-1.jpg","type":"image\/jpeg"}],"twitter_card":"summary_large_image","twitter_misc":{"Est. reading time":"1 minute"},"schema":{"@context":"https:\/\/schema.org","@graph":[{"@type":"WebPage","@id":"https:\/\/bioandeanexpeditions.com\/es\/machupicchu-por-tren-2d-1n\/","url":"https:\/\/bioandeanexpeditions.com\/es\/machupicchu-por-tren-2d-1n\/","name":"Machupicchu por tren - 2D\/1N - Bioandean Expeditions","isPartOf":{"@id":"https:\/\/bioandeanexpeditions.com\/es\/#website"},"primaryImageOfPage":{"@id":"https:\/\/bioandeanexpeditions.com\/es\/machupicchu-por-tren-2d-1n\/#primaryimage"},"image":{"@id":"https:\/\/bioandeanexpeditions.com\/es\/machupicchu-por-tren-2d-1n\/#primaryimage"},"thumbnailUrl":"https:\/\/bioandeanexpeditions.com\/wp-content\/uploads\/N83A9523-scaled.jpg","datePublished":"2022-10-29T03:40:14+00:00","dateModified":"2023-08-14T17:26:27+00:00","description":"Descubre la maravilla perdida de Machu Picchu, una joya arqueol\u00f3gica enclavada en las majestuosas monta\u00f1as de los Andes peruanos...","breadcrumb":{"@id":"https:\/\/bioandeanexpeditions.com\/es\/machupicchu-por-tren-2d-1n\/#breadcrumb"},"inLanguage":"es-ES","potentialAction":[{"@type":"ReadAction","target":["https:\/\/bioandeanexpeditions.com\/es\/machupicchu-por-tren-2d-1n\/"]}]},{"@type":"ImageObject","inLanguage":"es-ES","@id":"https:\/\/bioandeanexpeditions.com\/es\/machupicchu-por-tren-2d-1n\/#primaryimage","url":"https:\/\/bioandeanexpeditions.com\/wp-content\/uploads\/N83A9523-scaled.jpg","contentUrl":"https:\/\/bioandeanexpeditions.com\/wp-content\/uploads\/N83A9523-scaled.jpg","width":2560,"height":1707},{"@type":"BreadcrumbList","@id":"https:\/\/bioandeanexpeditions.com\/es\/machupicchu-por-tren-2d-1n\/#breadcrumb","itemListElement":[{"@type":"ListItem","position":1,"name":"Home","item":"https:\/\/bioandeanexpeditions.com\/es\/"},{"@type":"ListItem","position":2,"name":"Machupicchu por tren &#8211; 2D\/1N"}]},{"@type":"WebSite","@id":"https:\/\/bioandeanexpeditions.com\/es\/#website","url":"https:\/\/bioandeanexpeditions.com\/es\/","name":"Bioandean Expeditions","description":"","potentialAction":[{"@type":"SearchAction","target":{"@type":"EntryPoint","urlTemplate":"https:\/\/bioandeanexpeditions.com\/es\/?s={search_term_string}"},"query-input":{"@type":"PropertyValueSpecification","valueRequired":true,"valueName":"search_term_string"}}],"inLanguage":"es-ES"}]}},"_links":{"self":[{"href":"https:\/\/bioandeanexpeditions.com\/es\/wp-json\/wp\/v2\/pages\/1945","targetHints":{"allow":["GET"]}}],"collection":[{"href":"https:\/\/bioandeanexpeditions.com\/es\/wp-json\/wp\/v2\/pages"}],"about":[{"href":"https:\/\/bioandeanexpeditions.com\/es\/wp-json\/wp\/v2\/types\/page"}],"author":[{"embeddable":true,"href":"https:\/\/bioandeanexpeditions.com\/es\/wp-json\/wp\/v2\/users\/1"}],"replies":[{"embeddable":true,"href":"https:\/\/bioandeanexpeditions.com\/es\/wp-json\/wp\/v2\/comments?post=1945"}],"version-history":[{"count":11,"href":"https:\/\/bioandeanexpeditions.com\/es\/wp-json\/wp\/v2\/pages\/1945\/revisions"}],"predecessor-version":[{"id":4122,"href":"https:\/\/bioandeanexpeditions.com\/es\/wp-json\/wp\/v2\/pages\/1945\/revisions\/4122"}],"wp:featuredmedia":[{"embeddable":true,"href":"https:\/\/bioandeanexpeditions.com\/es\/wp-json\/wp\/v2\/media\/5395"}],"wp:attachment":[{"href":"https:\/\/bioandeanexpeditions.com\/es\/wp-json\/wp\/v2\/media?parent=1945"}],"wp:term":[{"taxonomy":"category","embeddable":true,"href":"https:\/\/bioandeanexpeditions.com\/es\/wp-json\/wp\/v2\/categories?post=1945"},{"taxonomy":"post_tag","embeddable":true,"href":"https:\/\/bioandeanexpeditions.com\/es\/wp-json\/wp\/v2\/tags?post=1945"}],"curies":[{"name":"wp","href":"https:\/\/api.w.org\/{rel}","templated":true}]}}