{"id":2015,"date":"2022-10-28T22:28:36","date_gmt":"2022-10-29T03:28:36","guid":{"rendered":"https:\/\/bioandeanexpeditions.com\/puerto-maldonado-tambopata-macaws-clay-lick-5d4n\/"},"modified":"2023-08-14T15:21:32","modified_gmt":"2023-08-14T20:21:32","slug":"puerto-maldonado-tambopata-macaws-clay-lick-5d-4n","status":"publish","type":"page","link":"https:\/\/bioandeanexpeditions.com\/es\/puerto-maldonado-tambopata-macaws-clay-lick-5d-4n\/","title":{"rendered":"Puerto Maldonado &#8211; Tambopata &#8211; 5D\/4N"},"content":{"rendered":"<p>Puerto Maldonado ubicado en la regi\u00f3n de Madre de Dios, este destino ofrece una experiencia inolvidable de naturaleza, biodiversidad y cultura amaz\u00f3nica. Conocido como el &#8220;Coraz\u00f3n de la Amazon\u00eda&#8221;, Puerto Maldonado es el punto de partida para explorar la Reserva Nacional Tambopata y el Parque Nacional Bahuaja-Sonene, dos \u00e1reas protegidas que albergan una diversidad impresionante de flora y fauna. Durante tu estad\u00eda, podr\u00e1s realizar actividades como caminatas en la selva, paseos en bote por los r\u00edos amaz\u00f3nicos, avistamiento de aves, encuentro con comunidades ind\u00edgenas y, si tienes suerte, observar animales ic\u00f3nicos como monos, jaguares y caimanes.<\/p>\n","protected":false},"excerpt":{"rendered":"<p>Puerto Maldonado ubicado en la regi\u00f3n de Madre de Dios, este destino ofrece una experiencia inolvidable de naturaleza, biodiversidad y cultura amaz\u00f3nica. Conocido como el &#8220;Coraz\u00f3n de la Amazon\u00eda&#8221;, Puerto Maldonado es el punto de partida para explorar la Reserva Nacional Tambopata y el Parque Nacional Bahuaja-Sonene, dos \u00e1reas protegidas que albergan una diversidad impresionante [&hellip;]<\/p>\n","protected":false},"author":1,"featured_media":1598,"parent":0,"menu_order":0,"comment_status":"closed","ping_status":"closed","template":"","meta":{"_acf_changed":false,"inline_featured_image":false,"footnotes":""},"categories":[20],"tags":[],"class_list":["post-2015","page","type-page","status-publish","has-post-thumbnail","hentry","category-viajes-a-la-selva"],"acf":[],"yoast_head":"<!-- This site is optimized with the Yoast SEO plugin v27.3 - https:\/\/yoast.com\/product\/yoast-seo-wordpress\/ -->\n<title>Puerto Maldonado - Tambopata - 5D\/4N - Bioandean Expeditions<\/title>\n<meta name=\"description\" content=\"Puerto Maldonado ubicado en la regi\u00f3n de Madre de Dios, este destino ofrece una experiencia inolvidable de naturaleza, biodiversidad...\" \/>\n<meta name=\"robots\" content=\"index, follow, max-snippet:-1, max-image-preview:large, max-video-preview:-1\" \/>\n<link rel=\"canonical\" href=\"https:\/\/bioandeanexpeditions.com\/es\/puerto-maldonado-tambopata-macaws-clay-lick-5d-4n\/\" \/>\n<meta property=\"og:locale\" content=\"es_ES\" \/>\n<meta property=\"og:type\" content=\"article\" \/>\n<meta property=\"og:title\" content=\"Puerto Maldonado - Tambopata - 5D\/4N - Bioandean Expeditions\" \/>\n<meta property=\"og:description\" content=\"Puerto Maldonado ubicado en la regi\u00f3n de Madre de Dios, este destino ofrece una experiencia inolvidable de naturaleza, biodiversidad...\" \/>\n<meta property=\"og:url\" content=\"https:\/\/bioandeanexpeditions.com\/es\/puerto-maldonado-tambopata-macaws-clay-lick-5d-4n\/\" \/>\n<meta property=\"og:site_name\" content=\"Bioandean Expeditions\" \/>\n<meta property=\"article:modified_time\" content=\"2023-08-14T20:21:32+00:00\" \/>\n<meta property=\"og:image\" content=\"https:\/\/bioandeanexpeditions.com\/wp-content\/uploads\/puerto-maldonado-tambopata-macaws-clay-lick-5d-4n-1-scaled.jpg\" \/>\n\t<meta property=\"og:image:width\" content=\"2560\" \/>\n\t<meta property=\"og:image:height\" content=\"1459\" \/>\n\t<meta property=\"og:image:type\" content=\"image\/jpeg\" \/>\n<meta name=\"twitter:card\" content=\"summary_large_image\" \/>\n<meta name=\"twitter:label1\" content=\"Est. reading time\" \/>\n\t<meta name=\"twitter:data1\" content=\"1 minute\" \/>\n<script type=\"application\/ld+json\" class=\"yoast-schema-graph\">{\"@context\":\"https:\\\/\\\/schema.org\",\"@graph\":[{\"@type\":\"WebPage\",\"@id\":\"https:\\\/\\\/bioandeanexpeditions.com\\\/es\\\/puerto-maldonado-tambopata-macaws-clay-lick-5d-4n\\\/\",\"url\":\"https:\\\/\\\/bioandeanexpeditions.com\\\/es\\\/puerto-maldonado-tambopata-macaws-clay-lick-5d-4n\\\/\",\"name\":\"Puerto Maldonado - Tambopata - 5D\\\/4N - Bioandean Expeditions\",\"isPartOf\":{\"@id\":\"https:\\\/\\\/bioandeanexpeditions.com\\\/es\\\/#website\"},\"primaryImageOfPage\":{\"@id\":\"https:\\\/\\\/bioandeanexpeditions.com\\\/es\\\/puerto-maldonado-tambopata-macaws-clay-lick-5d-4n\\\/#primaryimage\"},\"image\":{\"@id\":\"https:\\\/\\\/bioandeanexpeditions.com\\\/es\\\/puerto-maldonado-tambopata-macaws-clay-lick-5d-4n\\\/#primaryimage\"},\"thumbnailUrl\":\"https:\\\/\\\/bioandeanexpeditions.com\\\/wp-content\\\/uploads\\\/puerto-maldonado-tambopata-macaws-clay-lick-5d-4n-1-scaled.jpg\",\"datePublished\":\"2022-10-29T03:28:36+00:00\",\"dateModified\":\"2023-08-14T20:21:32+00:00\",\"description\":\"Puerto Maldonado ubicado en la regi\u00f3n de Madre de Dios, este destino ofrece una experiencia inolvidable de naturaleza, biodiversidad...\",\"breadcrumb\":{\"@id\":\"https:\\\/\\\/bioandeanexpeditions.com\\\/es\\\/puerto-maldonado-tambopata-macaws-clay-lick-5d-4n\\\/#breadcrumb\"},\"inLanguage\":\"es-ES\",\"potentialAction\":[{\"@type\":\"ReadAction\",\"target\":[\"https:\\\/\\\/bioandeanexpeditions.com\\\/es\\\/puerto-maldonado-tambopata-macaws-clay-lick-5d-4n\\\/\"]}]},{\"@type\":\"ImageObject\",\"inLanguage\":\"es-ES\",\"@id\":\"https:\\\/\\\/bioandeanexpeditions.com\\\/es\\\/puerto-maldonado-tambopata-macaws-clay-lick-5d-4n\\\/#primaryimage\",\"url\":\"https:\\\/\\\/bioandeanexpeditions.com\\\/wp-content\\\/uploads\\\/puerto-maldonado-tambopata-macaws-clay-lick-5d-4n-1-scaled.jpg\",\"contentUrl\":\"https:\\\/\\\/bioandeanexpeditions.com\\\/wp-content\\\/uploads\\\/puerto-maldonado-tambopata-macaws-clay-lick-5d-4n-1-scaled.jpg\",\"width\":2560,\"height\":1459,\"caption\":\"puerto maldonado tambopata macaws clay lick 5d 4n\"},{\"@type\":\"BreadcrumbList\",\"@id\":\"https:\\\/\\\/bioandeanexpeditions.com\\\/es\\\/puerto-maldonado-tambopata-macaws-clay-lick-5d-4n\\\/#breadcrumb\",\"itemListElement\":[{\"@type\":\"ListItem\",\"position\":1,\"name\":\"Home\",\"item\":\"https:\\\/\\\/bioandeanexpeditions.com\\\/es\\\/\"},{\"@type\":\"ListItem\",\"position\":2,\"name\":\"Puerto Maldonado &#8211; Tambopata &#8211; 5D\\\/4N\"}]},{\"@type\":\"WebSite\",\"@id\":\"https:\\\/\\\/bioandeanexpeditions.com\\\/es\\\/#website\",\"url\":\"https:\\\/\\\/bioandeanexpeditions.com\\\/es\\\/\",\"name\":\"Bioandean Expeditions\",\"description\":\"\",\"potentialAction\":[{\"@type\":\"SearchAction\",\"target\":{\"@type\":\"EntryPoint\",\"urlTemplate\":\"https:\\\/\\\/bioandeanexpeditions.com\\\/es\\\/?s={search_term_string}\"},\"query-input\":{\"@type\":\"PropertyValueSpecification\",\"valueRequired\":true,\"valueName\":\"search_term_string\"}}],\"inLanguage\":\"es-ES\"}]}<\/script>\n<!-- \/ Yoast SEO plugin. -->","yoast_head_json":{"title":"Puerto Maldonado - Tambopata - 5D\/4N - Bioandean Expeditions","description":"Puerto Maldonado ubicado en la regi\u00f3n de Madre de Dios, este destino ofrece una experiencia inolvidable de naturaleza, biodiversidad...","robots":{"index":"index","follow":"follow","max-snippet":"max-snippet:-1","max-image-preview":"max-image-preview:large","max-video-preview":"max-video-preview:-1"},"canonical":"https:\/\/bioandeanexpeditions.com\/es\/puerto-maldonado-tambopata-macaws-clay-lick-5d-4n\/","og_locale":"es_ES","og_type":"article","og_title":"Puerto Maldonado - Tambopata - 5D\/4N - Bioandean Expeditions","og_description":"Puerto Maldonado ubicado en la regi\u00f3n de Madre de Dios, este destino ofrece una experiencia inolvidable de naturaleza, biodiversidad...","og_url":"https:\/\/bioandeanexpeditions.com\/es\/puerto-maldonado-tambopata-macaws-clay-lick-5d-4n\/","og_site_name":"Bioandean Expeditions","article_modified_time":"2023-08-14T20:21:32+00:00","og_image":[{"width":2560,"height":1459,"url":"https:\/\/bioandeanexpeditions.com\/wp-content\/uploads\/puerto-maldonado-tambopata-macaws-clay-lick-5d-4n-1-scaled.jpg","type":"image\/jpeg"}],"twitter_card":"summary_large_image","twitter_misc":{"Est. reading time":"1 minute"},"schema":{"@context":"https:\/\/schema.org","@graph":[{"@type":"WebPage","@id":"https:\/\/bioandeanexpeditions.com\/es\/puerto-maldonado-tambopata-macaws-clay-lick-5d-4n\/","url":"https:\/\/bioandeanexpeditions.com\/es\/puerto-maldonado-tambopata-macaws-clay-lick-5d-4n\/","name":"Puerto Maldonado - Tambopata - 5D\/4N - Bioandean Expeditions","isPartOf":{"@id":"https:\/\/bioandeanexpeditions.com\/es\/#website"},"primaryImageOfPage":{"@id":"https:\/\/bioandeanexpeditions.com\/es\/puerto-maldonado-tambopata-macaws-clay-lick-5d-4n\/#primaryimage"},"image":{"@id":"https:\/\/bioandeanexpeditions.com\/es\/puerto-maldonado-tambopata-macaws-clay-lick-5d-4n\/#primaryimage"},"thumbnailUrl":"https:\/\/bioandeanexpeditions.com\/wp-content\/uploads\/puerto-maldonado-tambopata-macaws-clay-lick-5d-4n-1-scaled.jpg","datePublished":"2022-10-29T03:28:36+00:00","dateModified":"2023-08-14T20:21:32+00:00","description":"Puerto Maldonado ubicado en la regi\u00f3n de Madre de Dios, este destino ofrece una experiencia inolvidable de naturaleza, biodiversidad...","breadcrumb":{"@id":"https:\/\/bioandeanexpeditions.com\/es\/puerto-maldonado-tambopata-macaws-clay-lick-5d-4n\/#breadcrumb"},"inLanguage":"es-ES","potentialAction":[{"@type":"ReadAction","target":["https:\/\/bioandeanexpeditions.com\/es\/puerto-maldonado-tambopata-macaws-clay-lick-5d-4n\/"]}]},{"@type":"ImageObject","inLanguage":"es-ES","@id":"https:\/\/bioandeanexpeditions.com\/es\/puerto-maldonado-tambopata-macaws-clay-lick-5d-4n\/#primaryimage","url":"https:\/\/bioandeanexpeditions.com\/wp-content\/uploads\/puerto-maldonado-tambopata-macaws-clay-lick-5d-4n-1-scaled.jpg","contentUrl":"https:\/\/bioandeanexpeditions.com\/wp-content\/uploads\/puerto-maldonado-tambopata-macaws-clay-lick-5d-4n-1-scaled.jpg","width":2560,"height":1459,"caption":"puerto maldonado tambopata macaws clay lick 5d 4n"},{"@type":"BreadcrumbList","@id":"https:\/\/bioandeanexpeditions.com\/es\/puerto-maldonado-tambopata-macaws-clay-lick-5d-4n\/#breadcrumb","itemListElement":[{"@type":"ListItem","position":1,"name":"Home","item":"https:\/\/bioandeanexpeditions.com\/es\/"},{"@type":"ListItem","position":2,"name":"Puerto Maldonado &#8211; Tambopata &#8211; 5D\/4N"}]},{"@type":"WebSite","@id":"https:\/\/bioandeanexpeditions.com\/es\/#website","url":"https:\/\/bioandeanexpeditions.com\/es\/","name":"Bioandean Expeditions","description":"","potentialAction":[{"@type":"SearchAction","target":{"@type":"EntryPoint","urlTemplate":"https:\/\/bioandeanexpeditions.com\/es\/?s={search_term_string}"},"query-input":{"@type":"PropertyValueSpecification","valueRequired":true,"valueName":"search_term_string"}}],"inLanguage":"es-ES"}]}},"_links":{"self":[{"href":"https:\/\/bioandeanexpeditions.com\/es\/wp-json\/wp\/v2\/pages\/2015","targetHints":{"allow":["GET"]}}],"collection":[{"href":"https:\/\/bioandeanexpeditions.com\/es\/wp-json\/wp\/v2\/pages"}],"about":[{"href":"https:\/\/bioandeanexpeditions.com\/es\/wp-json\/wp\/v2\/types\/page"}],"author":[{"embeddable":true,"href":"https:\/\/bioandeanexpeditions.com\/es\/wp-json\/wp\/v2\/users\/1"}],"replies":[{"embeddable":true,"href":"https:\/\/bioandeanexpeditions.com\/es\/wp-json\/wp\/v2\/comments?post=2015"}],"version-history":[{"count":7,"href":"https:\/\/bioandeanexpeditions.com\/es\/wp-json\/wp\/v2\/pages\/2015\/revisions"}],"predecessor-version":[{"id":4191,"href":"https:\/\/bioandeanexpeditions.com\/es\/wp-json\/wp\/v2\/pages\/2015\/revisions\/4191"}],"wp:featuredmedia":[{"embeddable":true,"href":"https:\/\/bioandeanexpeditions.com\/es\/wp-json\/wp\/v2\/media\/1598"}],"wp:attachment":[{"href":"https:\/\/bioandeanexpeditions.com\/es\/wp-json\/wp\/v2\/media?parent=2015"}],"wp:term":[{"taxonomy":"category","embeddable":true,"href":"https:\/\/bioandeanexpeditions.com\/es\/wp-json\/wp\/v2\/categories?post=2015"},{"taxonomy":"post_tag","embeddable":true,"href":"https:\/\/bioandeanexpeditions.com\/es\/wp-json\/wp\/v2\/tags?post=2015"}],"curies":[{"name":"wp","href":"https:\/\/api.w.org\/{rel}","templated":true}]}}