{"id":3319,"date":"2022-10-27T01:53:41","date_gmt":"2022-10-27T06:53:41","guid":{"rendered":"https:\/\/bioandeanexpeditions.com\/our-guides\/"},"modified":"2023-03-30T15:16:18","modified_gmt":"2023-03-30T20:16:18","slug":"our-guides","status":"publish","type":"page","link":"https:\/\/bioandeanexpeditions.com\/es\/our-guides\/","title":{"rendered":"Nuestros Guias"},"content":{"rendered":"<p>No importar si es un lugar, si son hechos e historias, o lugare\u00f1os, todos contribuyen a la creaci\u00f3n de experiencias. Pero todo esto necesita estar conectado, por una historia, por magia. Perm\u00edtanos presentarte a algunas de las personas m\u00e1s impecables a las que nos complace llamar nuestros gu\u00edas.<\/p>\n","protected":false},"excerpt":{"rendered":"<p>No importar si es un lugar, si son hechos e historias, o lugare\u00f1os, todos contribuyen a la creaci\u00f3n de experiencias. Pero todo esto necesita estar conectado, por una historia, por magia. Perm\u00edtanos presentarte a algunas de las personas m\u00e1s impecables a las que nos complace llamar nuestros gu\u00edas.<\/p>\n","protected":false},"author":1,"featured_media":63,"parent":0,"menu_order":0,"comment_status":"closed","ping_status":"closed","template":"page-post.php","meta":{"_acf_changed":false,"inline_featured_image":false,"footnotes":""},"categories":[],"tags":[],"class_list":["post-3319","page","type-page","status-publish","has-post-thumbnail","hentry"],"acf":[],"yoast_head":"<!-- This site is optimized with the Yoast SEO plugin v27.3 - https:\/\/yoast.com\/product\/yoast-seo-wordpress\/ -->\n<title>Nuestros Guias - Bioandean Expeditions<\/title>\n<meta name=\"robots\" content=\"index, follow, max-snippet:-1, max-image-preview:large, max-video-preview:-1\" \/>\n<link rel=\"canonical\" href=\"https:\/\/bioandeanexpeditions.com\/es\/our-guides\/\" \/>\n<meta property=\"og:locale\" content=\"es_ES\" \/>\n<meta property=\"og:type\" content=\"article\" \/>\n<meta property=\"og:title\" content=\"Nuestros Guias - Bioandean Expeditions\" \/>\n<meta property=\"og:description\" content=\"No importar si es un lugar, si son hechos e historias, o lugare\u00f1os, todos contribuyen a la creaci\u00f3n de experiencias. Pero todo esto necesita estar conectado, por una historia, por magia. Perm\u00edtanos presentarte a algunas de las personas m\u00e1s impecables a las que nos complace llamar nuestros gu\u00edas.\" \/>\n<meta property=\"og:url\" content=\"https:\/\/bioandeanexpeditions.com\/es\/our-guides\/\" \/>\n<meta property=\"og:site_name\" content=\"Bioandean Expeditions\" \/>\n<meta property=\"article:modified_time\" content=\"2023-03-30T20:16:18+00:00\" \/>\n<meta property=\"og:image\" content=\"https:\/\/bioandeanexpeditions.com\/wp-content\/uploads\/about-Bioandean.jpg\" \/>\n\t<meta property=\"og:image:width\" content=\"1499\" \/>\n\t<meta property=\"og:image:height\" content=\"854\" \/>\n\t<meta property=\"og:image:type\" content=\"image\/jpeg\" \/>\n<meta name=\"twitter:card\" content=\"summary_large_image\" \/>\n<meta name=\"twitter:label1\" content=\"Est. reading time\" \/>\n\t<meta name=\"twitter:data1\" content=\"1 minute\" \/>\n<script type=\"application\/ld+json\" class=\"yoast-schema-graph\">{\"@context\":\"https:\\\/\\\/schema.org\",\"@graph\":[{\"@type\":\"WebPage\",\"@id\":\"https:\\\/\\\/bioandeanexpeditions.com\\\/es\\\/our-guides\\\/\",\"url\":\"https:\\\/\\\/bioandeanexpeditions.com\\\/es\\\/our-guides\\\/\",\"name\":\"Nuestros Guias - Bioandean Expeditions\",\"isPartOf\":{\"@id\":\"https:\\\/\\\/bioandeanexpeditions.com\\\/es\\\/#website\"},\"primaryImageOfPage\":{\"@id\":\"https:\\\/\\\/bioandeanexpeditions.com\\\/es\\\/our-guides\\\/#primaryimage\"},\"image\":{\"@id\":\"https:\\\/\\\/bioandeanexpeditions.com\\\/es\\\/our-guides\\\/#primaryimage\"},\"thumbnailUrl\":\"https:\\\/\\\/bioandeanexpeditions.com\\\/wp-content\\\/uploads\\\/about-Bioandean.jpg\",\"datePublished\":\"2022-10-27T06:53:41+00:00\",\"dateModified\":\"2023-03-30T20:16:18+00:00\",\"breadcrumb\":{\"@id\":\"https:\\\/\\\/bioandeanexpeditions.com\\\/es\\\/our-guides\\\/#breadcrumb\"},\"inLanguage\":\"es-ES\",\"potentialAction\":[{\"@type\":\"ReadAction\",\"target\":[\"https:\\\/\\\/bioandeanexpeditions.com\\\/es\\\/our-guides\\\/\"]}]},{\"@type\":\"ImageObject\",\"inLanguage\":\"es-ES\",\"@id\":\"https:\\\/\\\/bioandeanexpeditions.com\\\/es\\\/our-guides\\\/#primaryimage\",\"url\":\"https:\\\/\\\/bioandeanexpeditions.com\\\/wp-content\\\/uploads\\\/about-Bioandean.jpg\",\"contentUrl\":\"https:\\\/\\\/bioandeanexpeditions.com\\\/wp-content\\\/uploads\\\/about-Bioandean.jpg\",\"width\":1499,\"height\":854,\"caption\":\"about Bioandean\"},{\"@type\":\"BreadcrumbList\",\"@id\":\"https:\\\/\\\/bioandeanexpeditions.com\\\/es\\\/our-guides\\\/#breadcrumb\",\"itemListElement\":[{\"@type\":\"ListItem\",\"position\":1,\"name\":\"Home\",\"item\":\"https:\\\/\\\/bioandeanexpeditions.com\\\/es\\\/\"},{\"@type\":\"ListItem\",\"position\":2,\"name\":\"Nuestros Guias\"}]},{\"@type\":\"WebSite\",\"@id\":\"https:\\\/\\\/bioandeanexpeditions.com\\\/es\\\/#website\",\"url\":\"https:\\\/\\\/bioandeanexpeditions.com\\\/es\\\/\",\"name\":\"Bioandean Expeditions\",\"description\":\"\",\"potentialAction\":[{\"@type\":\"SearchAction\",\"target\":{\"@type\":\"EntryPoint\",\"urlTemplate\":\"https:\\\/\\\/bioandeanexpeditions.com\\\/es\\\/?s={search_term_string}\"},\"query-input\":{\"@type\":\"PropertyValueSpecification\",\"valueRequired\":true,\"valueName\":\"search_term_string\"}}],\"inLanguage\":\"es-ES\"}]}<\/script>\n<!-- \/ Yoast SEO plugin. -->","yoast_head_json":{"title":"Nuestros Guias - Bioandean Expeditions","robots":{"index":"index","follow":"follow","max-snippet":"max-snippet:-1","max-image-preview":"max-image-preview:large","max-video-preview":"max-video-preview:-1"},"canonical":"https:\/\/bioandeanexpeditions.com\/es\/our-guides\/","og_locale":"es_ES","og_type":"article","og_title":"Nuestros Guias - Bioandean Expeditions","og_description":"No importar si es un lugar, si son hechos e historias, o lugare\u00f1os, todos contribuyen a la creaci\u00f3n de experiencias. Pero todo esto necesita estar conectado, por una historia, por magia. Perm\u00edtanos presentarte a algunas de las personas m\u00e1s impecables a las que nos complace llamar nuestros gu\u00edas.","og_url":"https:\/\/bioandeanexpeditions.com\/es\/our-guides\/","og_site_name":"Bioandean Expeditions","article_modified_time":"2023-03-30T20:16:18+00:00","og_image":[{"width":1499,"height":854,"url":"https:\/\/bioandeanexpeditions.com\/wp-content\/uploads\/about-Bioandean.jpg","type":"image\/jpeg"}],"twitter_card":"summary_large_image","twitter_misc":{"Est. reading time":"1 minute"},"schema":{"@context":"https:\/\/schema.org","@graph":[{"@type":"WebPage","@id":"https:\/\/bioandeanexpeditions.com\/es\/our-guides\/","url":"https:\/\/bioandeanexpeditions.com\/es\/our-guides\/","name":"Nuestros Guias - Bioandean Expeditions","isPartOf":{"@id":"https:\/\/bioandeanexpeditions.com\/es\/#website"},"primaryImageOfPage":{"@id":"https:\/\/bioandeanexpeditions.com\/es\/our-guides\/#primaryimage"},"image":{"@id":"https:\/\/bioandeanexpeditions.com\/es\/our-guides\/#primaryimage"},"thumbnailUrl":"https:\/\/bioandeanexpeditions.com\/wp-content\/uploads\/about-Bioandean.jpg","datePublished":"2022-10-27T06:53:41+00:00","dateModified":"2023-03-30T20:16:18+00:00","breadcrumb":{"@id":"https:\/\/bioandeanexpeditions.com\/es\/our-guides\/#breadcrumb"},"inLanguage":"es-ES","potentialAction":[{"@type":"ReadAction","target":["https:\/\/bioandeanexpeditions.com\/es\/our-guides\/"]}]},{"@type":"ImageObject","inLanguage":"es-ES","@id":"https:\/\/bioandeanexpeditions.com\/es\/our-guides\/#primaryimage","url":"https:\/\/bioandeanexpeditions.com\/wp-content\/uploads\/about-Bioandean.jpg","contentUrl":"https:\/\/bioandeanexpeditions.com\/wp-content\/uploads\/about-Bioandean.jpg","width":1499,"height":854,"caption":"about Bioandean"},{"@type":"BreadcrumbList","@id":"https:\/\/bioandeanexpeditions.com\/es\/our-guides\/#breadcrumb","itemListElement":[{"@type":"ListItem","position":1,"name":"Home","item":"https:\/\/bioandeanexpeditions.com\/es\/"},{"@type":"ListItem","position":2,"name":"Nuestros Guias"}]},{"@type":"WebSite","@id":"https:\/\/bioandeanexpeditions.com\/es\/#website","url":"https:\/\/bioandeanexpeditions.com\/es\/","name":"Bioandean Expeditions","description":"","potentialAction":[{"@type":"SearchAction","target":{"@type":"EntryPoint","urlTemplate":"https:\/\/bioandeanexpeditions.com\/es\/?s={search_term_string}"},"query-input":{"@type":"PropertyValueSpecification","valueRequired":true,"valueName":"search_term_string"}}],"inLanguage":"es-ES"}]}},"_links":{"self":[{"href":"https:\/\/bioandeanexpeditions.com\/es\/wp-json\/wp\/v2\/pages\/3319","targetHints":{"allow":["GET"]}}],"collection":[{"href":"https:\/\/bioandeanexpeditions.com\/es\/wp-json\/wp\/v2\/pages"}],"about":[{"href":"https:\/\/bioandeanexpeditions.com\/es\/wp-json\/wp\/v2\/types\/page"}],"author":[{"embeddable":true,"href":"https:\/\/bioandeanexpeditions.com\/es\/wp-json\/wp\/v2\/users\/1"}],"replies":[{"embeddable":true,"href":"https:\/\/bioandeanexpeditions.com\/es\/wp-json\/wp\/v2\/comments?post=3319"}],"version-history":[{"count":4,"href":"https:\/\/bioandeanexpeditions.com\/es\/wp-json\/wp\/v2\/pages\/3319\/revisions"}],"predecessor-version":[{"id":3531,"href":"https:\/\/bioandeanexpeditions.com\/es\/wp-json\/wp\/v2\/pages\/3319\/revisions\/3531"}],"wp:featuredmedia":[{"embeddable":true,"href":"https:\/\/bioandeanexpeditions.com\/es\/wp-json\/wp\/v2\/media\/63"}],"wp:attachment":[{"href":"https:\/\/bioandeanexpeditions.com\/es\/wp-json\/wp\/v2\/media?parent=3319"}],"wp:term":[{"taxonomy":"category","embeddable":true,"href":"https:\/\/bioandeanexpeditions.com\/es\/wp-json\/wp\/v2\/categories?post=3319"},{"taxonomy":"post_tag","embeddable":true,"href":"https:\/\/bioandeanexpeditions.com\/es\/wp-json\/wp\/v2\/tags?post=3319"}],"curies":[{"name":"wp","href":"https:\/\/api.w.org\/{rel}","templated":true}]}}