{"id":3395,"date":"2022-11-01T10:17:00","date_gmt":"2022-11-01T15:17:00","guid":{"rendered":"https:\/\/bioandeanexpeditions.com\/bioandean-expeditions-terms-and-conditions\/"},"modified":"2023-03-24T15:19:20","modified_gmt":"2023-03-24T20:19:20","slug":"bioandean-expeditions-terms-and-conditions","status":"publish","type":"page","link":"https:\/\/bioandeanexpeditions.com\/es\/bioandean-expeditions-terms-and-conditions\/","title":{"rendered":"T\u00e9rminos y Condiciones"},"content":{"rendered":"<p>El sistema peruano de servicios y productos a veces difiere de su pa\u00eds de origen. Le recomendamos encarecidamente que lea detenidamente lo siguiente:<br \/>\nExcursiones de trekking, selva y ciclismo: Bioandean Expeditions opera en regiones donde los est\u00e1ndares de alojamiento, transporte y servicios pueden no ser los que normalmente esperar\u00eda. Sin embargo, nos esforzamos, con el debido cuidado y habilidad, para brindar los mejores servicios a nuestros turistas. Viajar en Per\u00fa requiere flexibilidad, paciencia, amplitud de miras, buen humor y comprensi\u00f3n de que se pueden realizar cambios sin previo aviso debido a circunstancias fuera de nuestro control (Fuerza mayor, ver m\u00e1s abajo). Al reservar cualquiera de nuestros tours, usted acepta que Bioandean Expeditions realice los cambios necesarios sin responsabilidad.<br \/>\nLas personas con condiciones m\u00e9dicas que puedan afectar su capacidad para completar la caminata deben divulgar esta informaci\u00f3n antes de realizar el viaje.<\/p>\n<p>Debido a la naturaleza de la caminata, los clientes caminar\u00e1n a diferentes velocidades y no estar\u00e1n juntos como un grupo concentrado. El gu\u00eda no podr\u00e1 observar a todos todo el tiempo. Por lo tanto, cada persona es responsable de su propia seguridad personal y debe tener su propio seguro de viaje adecuado.<br \/>\nEn todo momento, la decisi\u00f3n del gu\u00eda de ciclismo y senderismo de la empresa ser\u00e1 definitiva en todos los asuntos que puedan poner en peligro la seguridad y el bienestar del grupo. Si el cliente interfiere con el bienestar del grupo, el gu\u00eda puede ordenar al cliente que abandone el grupo sin derecho a reembolso alguno. Cualquier responsabilidad se limita al precio pagado por la caminata. Personal de gu\u00edas tur\u00edsticos privados de habla inglesa con licencia profesional.<\/p>\n<h3>T\u00c9RMINOS Y CONDICIONES<\/h3>\n<p>Para asegurar sus reservas, comprenda y acepte los siguientes requisitos para asegurar la salida de su caminata:<\/p>\n","protected":false},"excerpt":{"rendered":"<p>El sistema peruano de servicios y productos a veces difiere de su pa\u00eds de origen. Le recomendamos encarecidamente que lea detenidamente lo siguiente: Excursiones de trekking, selva y ciclismo: Bioandean Expeditions opera en regiones donde los est\u00e1ndares de alojamiento, transporte y servicios pueden no ser los que normalmente esperar\u00eda. Sin embargo, nos esforzamos, con el [&hellip;]<\/p>\n","protected":false},"author":1,"featured_media":1345,"parent":0,"menu_order":0,"comment_status":"closed","ping_status":"closed","template":"page-why.php","meta":{"_acf_changed":false,"inline_featured_image":false,"footnotes":""},"categories":[],"tags":[],"class_list":["post-3395","page","type-page","status-publish","has-post-thumbnail","hentry"],"acf":[],"yoast_head":"<!-- This site is optimized with the Yoast SEO plugin v27.3 - https:\/\/yoast.com\/product\/yoast-seo-wordpress\/ -->\n<title>T\u00e9rminos y Condiciones - Bioandean Expeditions<\/title>\n<meta name=\"robots\" content=\"index, follow, max-snippet:-1, max-image-preview:large, max-video-preview:-1\" \/>\n<link rel=\"canonical\" href=\"https:\/\/bioandeanexpeditions.com\/es\/bioandean-expeditions-terms-and-conditions\/\" \/>\n<meta property=\"og:locale\" content=\"es_ES\" \/>\n<meta property=\"og:type\" content=\"article\" \/>\n<meta property=\"og:title\" content=\"T\u00e9rminos y Condiciones - Bioandean Expeditions\" \/>\n<meta property=\"og:description\" content=\"El sistema peruano de servicios y productos a veces difiere de su pa\u00eds de origen. Le recomendamos encarecidamente que lea detenidamente lo siguiente: Excursiones de trekking, selva y ciclismo: Bioandean Expeditions opera en regiones donde los est\u00e1ndares de alojamiento, transporte y servicios pueden no ser los que normalmente esperar\u00eda. Sin embargo, nos esforzamos, con el [&hellip;]\" \/>\n<meta property=\"og:url\" content=\"https:\/\/bioandeanexpeditions.com\/es\/bioandean-expeditions-terms-and-conditions\/\" \/>\n<meta property=\"og:site_name\" content=\"Bioandean Expeditions\" \/>\n<meta property=\"article:modified_time\" content=\"2023-03-24T20:19:20+00:00\" \/>\n<meta property=\"og:image\" content=\"https:\/\/bioandeanexpeditions.com\/wp-content\/uploads\/salkantay-trek-domo-to-domo-to-machupicchu-5d-4n-1.jpg\" \/>\n\t<meta property=\"og:image:width\" content=\"2277\" \/>\n\t<meta property=\"og:image:height\" content=\"1298\" \/>\n\t<meta property=\"og:image:type\" content=\"image\/jpeg\" \/>\n<meta name=\"twitter:card\" content=\"summary_large_image\" \/>\n<meta name=\"twitter:label1\" content=\"Est. reading time\" \/>\n\t<meta name=\"twitter:data1\" content=\"2 minutes\" \/>\n<script type=\"application\/ld+json\" class=\"yoast-schema-graph\">{\"@context\":\"https:\\\/\\\/schema.org\",\"@graph\":[{\"@type\":\"WebPage\",\"@id\":\"https:\\\/\\\/bioandeanexpeditions.com\\\/es\\\/bioandean-expeditions-terms-and-conditions\\\/\",\"url\":\"https:\\\/\\\/bioandeanexpeditions.com\\\/es\\\/bioandean-expeditions-terms-and-conditions\\\/\",\"name\":\"T\u00e9rminos y Condiciones - Bioandean Expeditions\",\"isPartOf\":{\"@id\":\"https:\\\/\\\/bioandeanexpeditions.com\\\/es\\\/#website\"},\"primaryImageOfPage\":{\"@id\":\"https:\\\/\\\/bioandeanexpeditions.com\\\/es\\\/bioandean-expeditions-terms-and-conditions\\\/#primaryimage\"},\"image\":{\"@id\":\"https:\\\/\\\/bioandeanexpeditions.com\\\/es\\\/bioandean-expeditions-terms-and-conditions\\\/#primaryimage\"},\"thumbnailUrl\":\"https:\\\/\\\/bioandeanexpeditions.com\\\/wp-content\\\/uploads\\\/salkantay-trek-domo-to-domo-to-machupicchu-5d-4n-1.jpg\",\"datePublished\":\"2022-11-01T15:17:00+00:00\",\"dateModified\":\"2023-03-24T20:19:20+00:00\",\"breadcrumb\":{\"@id\":\"https:\\\/\\\/bioandeanexpeditions.com\\\/es\\\/bioandean-expeditions-terms-and-conditions\\\/#breadcrumb\"},\"inLanguage\":\"es-ES\",\"potentialAction\":[{\"@type\":\"ReadAction\",\"target\":[\"https:\\\/\\\/bioandeanexpeditions.com\\\/es\\\/bioandean-expeditions-terms-and-conditions\\\/\"]}]},{\"@type\":\"ImageObject\",\"inLanguage\":\"es-ES\",\"@id\":\"https:\\\/\\\/bioandeanexpeditions.com\\\/es\\\/bioandean-expeditions-terms-and-conditions\\\/#primaryimage\",\"url\":\"https:\\\/\\\/bioandeanexpeditions.com\\\/wp-content\\\/uploads\\\/salkantay-trek-domo-to-domo-to-machupicchu-5d-4n-1.jpg\",\"contentUrl\":\"https:\\\/\\\/bioandeanexpeditions.com\\\/wp-content\\\/uploads\\\/salkantay-trek-domo-to-domo-to-machupicchu-5d-4n-1.jpg\",\"width\":2277,\"height\":1298,\"caption\":\"salkantay trek domo to domo to machupicchu 5d 4n\"},{\"@type\":\"BreadcrumbList\",\"@id\":\"https:\\\/\\\/bioandeanexpeditions.com\\\/es\\\/bioandean-expeditions-terms-and-conditions\\\/#breadcrumb\",\"itemListElement\":[{\"@type\":\"ListItem\",\"position\":1,\"name\":\"Home\",\"item\":\"https:\\\/\\\/bioandeanexpeditions.com\\\/es\\\/\"},{\"@type\":\"ListItem\",\"position\":2,\"name\":\"T\u00e9rminos y Condiciones\"}]},{\"@type\":\"WebSite\",\"@id\":\"https:\\\/\\\/bioandeanexpeditions.com\\\/es\\\/#website\",\"url\":\"https:\\\/\\\/bioandeanexpeditions.com\\\/es\\\/\",\"name\":\"Bioandean Expeditions\",\"description\":\"\",\"potentialAction\":[{\"@type\":\"SearchAction\",\"target\":{\"@type\":\"EntryPoint\",\"urlTemplate\":\"https:\\\/\\\/bioandeanexpeditions.com\\\/es\\\/?s={search_term_string}\"},\"query-input\":{\"@type\":\"PropertyValueSpecification\",\"valueRequired\":true,\"valueName\":\"search_term_string\"}}],\"inLanguage\":\"es-ES\"}]}<\/script>\n<!-- \/ Yoast SEO plugin. -->","yoast_head_json":{"title":"T\u00e9rminos y Condiciones - Bioandean Expeditions","robots":{"index":"index","follow":"follow","max-snippet":"max-snippet:-1","max-image-preview":"max-image-preview:large","max-video-preview":"max-video-preview:-1"},"canonical":"https:\/\/bioandeanexpeditions.com\/es\/bioandean-expeditions-terms-and-conditions\/","og_locale":"es_ES","og_type":"article","og_title":"T\u00e9rminos y Condiciones - Bioandean Expeditions","og_description":"El sistema peruano de servicios y productos a veces difiere de su pa\u00eds de origen. Le recomendamos encarecidamente que lea detenidamente lo siguiente: Excursiones de trekking, selva y ciclismo: Bioandean Expeditions opera en regiones donde los est\u00e1ndares de alojamiento, transporte y servicios pueden no ser los que normalmente esperar\u00eda. Sin embargo, nos esforzamos, con el [&hellip;]","og_url":"https:\/\/bioandeanexpeditions.com\/es\/bioandean-expeditions-terms-and-conditions\/","og_site_name":"Bioandean Expeditions","article_modified_time":"2023-03-24T20:19:20+00:00","og_image":[{"width":2277,"height":1298,"url":"https:\/\/bioandeanexpeditions.com\/wp-content\/uploads\/salkantay-trek-domo-to-domo-to-machupicchu-5d-4n-1.jpg","type":"image\/jpeg"}],"twitter_card":"summary_large_image","twitter_misc":{"Est. reading time":"2 minutes"},"schema":{"@context":"https:\/\/schema.org","@graph":[{"@type":"WebPage","@id":"https:\/\/bioandeanexpeditions.com\/es\/bioandean-expeditions-terms-and-conditions\/","url":"https:\/\/bioandeanexpeditions.com\/es\/bioandean-expeditions-terms-and-conditions\/","name":"T\u00e9rminos y Condiciones - Bioandean Expeditions","isPartOf":{"@id":"https:\/\/bioandeanexpeditions.com\/es\/#website"},"primaryImageOfPage":{"@id":"https:\/\/bioandeanexpeditions.com\/es\/bioandean-expeditions-terms-and-conditions\/#primaryimage"},"image":{"@id":"https:\/\/bioandeanexpeditions.com\/es\/bioandean-expeditions-terms-and-conditions\/#primaryimage"},"thumbnailUrl":"https:\/\/bioandeanexpeditions.com\/wp-content\/uploads\/salkantay-trek-domo-to-domo-to-machupicchu-5d-4n-1.jpg","datePublished":"2022-11-01T15:17:00+00:00","dateModified":"2023-03-24T20:19:20+00:00","breadcrumb":{"@id":"https:\/\/bioandeanexpeditions.com\/es\/bioandean-expeditions-terms-and-conditions\/#breadcrumb"},"inLanguage":"es-ES","potentialAction":[{"@type":"ReadAction","target":["https:\/\/bioandeanexpeditions.com\/es\/bioandean-expeditions-terms-and-conditions\/"]}]},{"@type":"ImageObject","inLanguage":"es-ES","@id":"https:\/\/bioandeanexpeditions.com\/es\/bioandean-expeditions-terms-and-conditions\/#primaryimage","url":"https:\/\/bioandeanexpeditions.com\/wp-content\/uploads\/salkantay-trek-domo-to-domo-to-machupicchu-5d-4n-1.jpg","contentUrl":"https:\/\/bioandeanexpeditions.com\/wp-content\/uploads\/salkantay-trek-domo-to-domo-to-machupicchu-5d-4n-1.jpg","width":2277,"height":1298,"caption":"salkantay trek domo to domo to machupicchu 5d 4n"},{"@type":"BreadcrumbList","@id":"https:\/\/bioandeanexpeditions.com\/es\/bioandean-expeditions-terms-and-conditions\/#breadcrumb","itemListElement":[{"@type":"ListItem","position":1,"name":"Home","item":"https:\/\/bioandeanexpeditions.com\/es\/"},{"@type":"ListItem","position":2,"name":"T\u00e9rminos y Condiciones"}]},{"@type":"WebSite","@id":"https:\/\/bioandeanexpeditions.com\/es\/#website","url":"https:\/\/bioandeanexpeditions.com\/es\/","name":"Bioandean Expeditions","description":"","potentialAction":[{"@type":"SearchAction","target":{"@type":"EntryPoint","urlTemplate":"https:\/\/bioandeanexpeditions.com\/es\/?s={search_term_string}"},"query-input":{"@type":"PropertyValueSpecification","valueRequired":true,"valueName":"search_term_string"}}],"inLanguage":"es-ES"}]}},"_links":{"self":[{"href":"https:\/\/bioandeanexpeditions.com\/es\/wp-json\/wp\/v2\/pages\/3395","targetHints":{"allow":["GET"]}}],"collection":[{"href":"https:\/\/bioandeanexpeditions.com\/es\/wp-json\/wp\/v2\/pages"}],"about":[{"href":"https:\/\/bioandeanexpeditions.com\/es\/wp-json\/wp\/v2\/types\/page"}],"author":[{"embeddable":true,"href":"https:\/\/bioandeanexpeditions.com\/es\/wp-json\/wp\/v2\/users\/1"}],"replies":[{"embeddable":true,"href":"https:\/\/bioandeanexpeditions.com\/es\/wp-json\/wp\/v2\/comments?post=3395"}],"version-history":[{"count":10,"href":"https:\/\/bioandeanexpeditions.com\/es\/wp-json\/wp\/v2\/pages\/3395\/revisions"}],"predecessor-version":[{"id":3405,"href":"https:\/\/bioandeanexpeditions.com\/es\/wp-json\/wp\/v2\/pages\/3395\/revisions\/3405"}],"wp:featuredmedia":[{"embeddable":true,"href":"https:\/\/bioandeanexpeditions.com\/es\/wp-json\/wp\/v2\/media\/1345"}],"wp:attachment":[{"href":"https:\/\/bioandeanexpeditions.com\/es\/wp-json\/wp\/v2\/media?parent=3395"}],"wp:term":[{"taxonomy":"category","embeddable":true,"href":"https:\/\/bioandeanexpeditions.com\/es\/wp-json\/wp\/v2\/categories?post=3395"},{"taxonomy":"post_tag","embeddable":true,"href":"https:\/\/bioandeanexpeditions.com\/es\/wp-json\/wp\/v2\/tags?post=3395"}],"curies":[{"name":"wp","href":"https:\/\/api.w.org\/{rel}","templated":true}]}}