{"id":3428,"date":"2022-10-27T01:53:57","date_gmt":"2022-10-27T06:53:57","guid":{"rendered":"https:\/\/bioandeanexpeditions.com\/our-chefs\/"},"modified":"2023-03-30T15:15:43","modified_gmt":"2023-03-30T20:15:43","slug":"our-chefs","status":"publish","type":"page","link":"https:\/\/bioandeanexpeditions.com\/es\/our-chefs\/","title":{"rendered":"Nuestros Cocineros"},"content":{"rendered":"<p>Entendemos lo importante que es una comida nutritiva y abundante despu\u00e9s de un d\u00eda desafiante de caminata. Necesitas algo para entrar en calor y recuperar todas esas calor\u00edas quemadas. Es por eso que empleamos chefs con a\u00f1os de experiencia cocinando sobre la marcha y un amplio conocimiento de los ingredientes y la nutrici\u00f3n. De esa manera, pueden proporcionar comidas abundantes y variadas con solo los ingredientes m\u00e1s frescos y muchos sabores.<\/p>\n","protected":false},"excerpt":{"rendered":"<p>Entendemos lo importante que es una comida nutritiva y abundante despu\u00e9s de un d\u00eda desafiante de caminata. Necesitas algo para entrar en calor y recuperar todas esas calor\u00edas quemadas. Es por eso que empleamos chefs con a\u00f1os de experiencia cocinando sobre la marcha y un amplio conocimiento de los ingredientes y la nutrici\u00f3n. De esa [&hellip;]<\/p>\n","protected":false},"author":1,"featured_media":63,"parent":0,"menu_order":0,"comment_status":"closed","ping_status":"closed","template":"page-post.php","meta":{"_acf_changed":false,"inline_featured_image":false,"footnotes":""},"categories":[],"tags":[],"class_list":["post-3428","page","type-page","status-publish","has-post-thumbnail","hentry"],"acf":[],"yoast_head":"<!-- This site is optimized with the Yoast SEO plugin v27.3 - https:\/\/yoast.com\/product\/yoast-seo-wordpress\/ -->\n<title>Nuestros Cocineros - Bioandean Expeditions<\/title>\n<meta name=\"robots\" content=\"index, follow, max-snippet:-1, max-image-preview:large, max-video-preview:-1\" \/>\n<link rel=\"canonical\" href=\"https:\/\/bioandeanexpeditions.com\/es\/our-chefs\/\" \/>\n<meta property=\"og:locale\" content=\"es_ES\" \/>\n<meta property=\"og:type\" content=\"article\" \/>\n<meta property=\"og:title\" content=\"Nuestros Cocineros - Bioandean Expeditions\" \/>\n<meta property=\"og:description\" content=\"Entendemos lo importante que es una comida nutritiva y abundante despu\u00e9s de un d\u00eda desafiante de caminata. Necesitas algo para entrar en calor y recuperar todas esas calor\u00edas quemadas. Es por eso que empleamos chefs con a\u00f1os de experiencia cocinando sobre la marcha y un amplio conocimiento de los ingredientes y la nutrici\u00f3n. De esa [&hellip;]\" \/>\n<meta property=\"og:url\" content=\"https:\/\/bioandeanexpeditions.com\/es\/our-chefs\/\" \/>\n<meta property=\"og:site_name\" content=\"Bioandean Expeditions\" \/>\n<meta property=\"article:modified_time\" content=\"2023-03-30T20:15:43+00:00\" \/>\n<meta property=\"og:image\" content=\"https:\/\/bioandeanexpeditions.com\/wp-content\/uploads\/about-Bioandean.jpg\" \/>\n\t<meta property=\"og:image:width\" content=\"1499\" \/>\n\t<meta property=\"og:image:height\" content=\"854\" \/>\n\t<meta property=\"og:image:type\" content=\"image\/jpeg\" \/>\n<meta name=\"twitter:card\" content=\"summary_large_image\" \/>\n<meta name=\"twitter:label1\" content=\"Est. reading time\" \/>\n\t<meta name=\"twitter:data1\" content=\"1 minute\" \/>\n<script type=\"application\/ld+json\" class=\"yoast-schema-graph\">{\"@context\":\"https:\\\/\\\/schema.org\",\"@graph\":[{\"@type\":\"WebPage\",\"@id\":\"https:\\\/\\\/bioandeanexpeditions.com\\\/es\\\/our-chefs\\\/\",\"url\":\"https:\\\/\\\/bioandeanexpeditions.com\\\/es\\\/our-chefs\\\/\",\"name\":\"Nuestros Cocineros - Bioandean Expeditions\",\"isPartOf\":{\"@id\":\"https:\\\/\\\/bioandeanexpeditions.com\\\/es\\\/#website\"},\"primaryImageOfPage\":{\"@id\":\"https:\\\/\\\/bioandeanexpeditions.com\\\/es\\\/our-chefs\\\/#primaryimage\"},\"image\":{\"@id\":\"https:\\\/\\\/bioandeanexpeditions.com\\\/es\\\/our-chefs\\\/#primaryimage\"},\"thumbnailUrl\":\"https:\\\/\\\/bioandeanexpeditions.com\\\/wp-content\\\/uploads\\\/about-Bioandean.jpg\",\"datePublished\":\"2022-10-27T06:53:57+00:00\",\"dateModified\":\"2023-03-30T20:15:43+00:00\",\"breadcrumb\":{\"@id\":\"https:\\\/\\\/bioandeanexpeditions.com\\\/es\\\/our-chefs\\\/#breadcrumb\"},\"inLanguage\":\"es-ES\",\"potentialAction\":[{\"@type\":\"ReadAction\",\"target\":[\"https:\\\/\\\/bioandeanexpeditions.com\\\/es\\\/our-chefs\\\/\"]}]},{\"@type\":\"ImageObject\",\"inLanguage\":\"es-ES\",\"@id\":\"https:\\\/\\\/bioandeanexpeditions.com\\\/es\\\/our-chefs\\\/#primaryimage\",\"url\":\"https:\\\/\\\/bioandeanexpeditions.com\\\/wp-content\\\/uploads\\\/about-Bioandean.jpg\",\"contentUrl\":\"https:\\\/\\\/bioandeanexpeditions.com\\\/wp-content\\\/uploads\\\/about-Bioandean.jpg\",\"width\":1499,\"height\":854,\"caption\":\"about Bioandean\"},{\"@type\":\"BreadcrumbList\",\"@id\":\"https:\\\/\\\/bioandeanexpeditions.com\\\/es\\\/our-chefs\\\/#breadcrumb\",\"itemListElement\":[{\"@type\":\"ListItem\",\"position\":1,\"name\":\"Home\",\"item\":\"https:\\\/\\\/bioandeanexpeditions.com\\\/es\\\/\"},{\"@type\":\"ListItem\",\"position\":2,\"name\":\"Nuestros Cocineros\"}]},{\"@type\":\"WebSite\",\"@id\":\"https:\\\/\\\/bioandeanexpeditions.com\\\/es\\\/#website\",\"url\":\"https:\\\/\\\/bioandeanexpeditions.com\\\/es\\\/\",\"name\":\"Bioandean Expeditions\",\"description\":\"\",\"potentialAction\":[{\"@type\":\"SearchAction\",\"target\":{\"@type\":\"EntryPoint\",\"urlTemplate\":\"https:\\\/\\\/bioandeanexpeditions.com\\\/es\\\/?s={search_term_string}\"},\"query-input\":{\"@type\":\"PropertyValueSpecification\",\"valueRequired\":true,\"valueName\":\"search_term_string\"}}],\"inLanguage\":\"es-ES\"}]}<\/script>\n<!-- \/ Yoast SEO plugin. -->","yoast_head_json":{"title":"Nuestros Cocineros - Bioandean Expeditions","robots":{"index":"index","follow":"follow","max-snippet":"max-snippet:-1","max-image-preview":"max-image-preview:large","max-video-preview":"max-video-preview:-1"},"canonical":"https:\/\/bioandeanexpeditions.com\/es\/our-chefs\/","og_locale":"es_ES","og_type":"article","og_title":"Nuestros Cocineros - Bioandean Expeditions","og_description":"Entendemos lo importante que es una comida nutritiva y abundante despu\u00e9s de un d\u00eda desafiante de caminata. Necesitas algo para entrar en calor y recuperar todas esas calor\u00edas quemadas. Es por eso que empleamos chefs con a\u00f1os de experiencia cocinando sobre la marcha y un amplio conocimiento de los ingredientes y la nutrici\u00f3n. De esa [&hellip;]","og_url":"https:\/\/bioandeanexpeditions.com\/es\/our-chefs\/","og_site_name":"Bioandean Expeditions","article_modified_time":"2023-03-30T20:15:43+00:00","og_image":[{"width":1499,"height":854,"url":"https:\/\/bioandeanexpeditions.com\/wp-content\/uploads\/about-Bioandean.jpg","type":"image\/jpeg"}],"twitter_card":"summary_large_image","twitter_misc":{"Est. reading time":"1 minute"},"schema":{"@context":"https:\/\/schema.org","@graph":[{"@type":"WebPage","@id":"https:\/\/bioandeanexpeditions.com\/es\/our-chefs\/","url":"https:\/\/bioandeanexpeditions.com\/es\/our-chefs\/","name":"Nuestros Cocineros - Bioandean Expeditions","isPartOf":{"@id":"https:\/\/bioandeanexpeditions.com\/es\/#website"},"primaryImageOfPage":{"@id":"https:\/\/bioandeanexpeditions.com\/es\/our-chefs\/#primaryimage"},"image":{"@id":"https:\/\/bioandeanexpeditions.com\/es\/our-chefs\/#primaryimage"},"thumbnailUrl":"https:\/\/bioandeanexpeditions.com\/wp-content\/uploads\/about-Bioandean.jpg","datePublished":"2022-10-27T06:53:57+00:00","dateModified":"2023-03-30T20:15:43+00:00","breadcrumb":{"@id":"https:\/\/bioandeanexpeditions.com\/es\/our-chefs\/#breadcrumb"},"inLanguage":"es-ES","potentialAction":[{"@type":"ReadAction","target":["https:\/\/bioandeanexpeditions.com\/es\/our-chefs\/"]}]},{"@type":"ImageObject","inLanguage":"es-ES","@id":"https:\/\/bioandeanexpeditions.com\/es\/our-chefs\/#primaryimage","url":"https:\/\/bioandeanexpeditions.com\/wp-content\/uploads\/about-Bioandean.jpg","contentUrl":"https:\/\/bioandeanexpeditions.com\/wp-content\/uploads\/about-Bioandean.jpg","width":1499,"height":854,"caption":"about Bioandean"},{"@type":"BreadcrumbList","@id":"https:\/\/bioandeanexpeditions.com\/es\/our-chefs\/#breadcrumb","itemListElement":[{"@type":"ListItem","position":1,"name":"Home","item":"https:\/\/bioandeanexpeditions.com\/es\/"},{"@type":"ListItem","position":2,"name":"Nuestros Cocineros"}]},{"@type":"WebSite","@id":"https:\/\/bioandeanexpeditions.com\/es\/#website","url":"https:\/\/bioandeanexpeditions.com\/es\/","name":"Bioandean Expeditions","description":"","potentialAction":[{"@type":"SearchAction","target":{"@type":"EntryPoint","urlTemplate":"https:\/\/bioandeanexpeditions.com\/es\/?s={search_term_string}"},"query-input":{"@type":"PropertyValueSpecification","valueRequired":true,"valueName":"search_term_string"}}],"inLanguage":"es-ES"}]}},"_links":{"self":[{"href":"https:\/\/bioandeanexpeditions.com\/es\/wp-json\/wp\/v2\/pages\/3428","targetHints":{"allow":["GET"]}}],"collection":[{"href":"https:\/\/bioandeanexpeditions.com\/es\/wp-json\/wp\/v2\/pages"}],"about":[{"href":"https:\/\/bioandeanexpeditions.com\/es\/wp-json\/wp\/v2\/types\/page"}],"author":[{"embeddable":true,"href":"https:\/\/bioandeanexpeditions.com\/es\/wp-json\/wp\/v2\/users\/1"}],"replies":[{"embeddable":true,"href":"https:\/\/bioandeanexpeditions.com\/es\/wp-json\/wp\/v2\/comments?post=3428"}],"version-history":[{"count":4,"href":"https:\/\/bioandeanexpeditions.com\/es\/wp-json\/wp\/v2\/pages\/3428\/revisions"}],"predecessor-version":[{"id":3530,"href":"https:\/\/bioandeanexpeditions.com\/es\/wp-json\/wp\/v2\/pages\/3428\/revisions\/3530"}],"wp:featuredmedia":[{"embeddable":true,"href":"https:\/\/bioandeanexpeditions.com\/es\/wp-json\/wp\/v2\/media\/63"}],"wp:attachment":[{"href":"https:\/\/bioandeanexpeditions.com\/es\/wp-json\/wp\/v2\/media?parent=3428"}],"wp:term":[{"taxonomy":"category","embeddable":true,"href":"https:\/\/bioandeanexpeditions.com\/es\/wp-json\/wp\/v2\/categories?post=3428"},{"taxonomy":"post_tag","embeddable":true,"href":"https:\/\/bioandeanexpeditions.com\/es\/wp-json\/wp\/v2\/tags?post=3428"}],"curies":[{"name":"wp","href":"https:\/\/api.w.org\/{rel}","templated":true}]}}