{"id":5473,"date":"2025-11-11T16:40:57","date_gmt":"2025-11-11T21:40:57","guid":{"rendered":"https:\/\/bioandeanexpeditions.com\/paquete-popular-con-cupulas-de-lujo-5d-4n\/"},"modified":"2025-11-12T11:45:30","modified_gmt":"2025-11-12T16:45:30","slug":"paquete-popular-con-cupulas-de-lujo-5d-4n","status":"publish","type":"page","link":"https:\/\/bioandeanexpeditions.com\/es\/paquete-popular-con-cupulas-de-lujo-5d-4n\/","title":{"rendered":"Paquete popular con c\u00fapulas de lujo 5D\/4N"},"content":{"rendered":"<p>Este completo paquete de 5 d\u00edas y 4 noches visitas los destinos esenciales y m\u00e1s impresionantes de Cusco:<br \/>\nEl Valle Sagrado de los Incas (incluidos Chinchero, Moray, Maras y Ollantaytambo) y la maravilla de Machu Picchu, con el lujoso tren Vistadome.<br \/>\nEl d\u00eda 3, visitamos el hermoso Lago Humantay y experimentamos el alojamiento en las C\u00fapulas Geod\u00e9sicas de Soraypampa y el desafiante Paso de Salkantay (4.638 metros sobre el nivel del mar).<br \/>\nEl d\u00eda 4, disfrutamos de un espect\u00e1culo de Ceviche y Pisco Sour.<br \/>\nPor \u00faltimo, el d\u00eda 5, visitamos la espectacular Monta\u00f1a del Arco Iris (Vinicunca) antes de la despedida.<\/p>\n<h3>Destacados<\/h3>\n<p class=\"ds-markdown-paragraph\">Este paquete tur\u00edstico destaca por su combinaci\u00f3n de la emblem\u00e1tica herencia inca, impresionantes paisajes naturales y experiencias culturales \u00fanicas.<\/p>\n<ul>\n<li>\n<p class=\"ds-markdown-paragraph\">Lugares Incas Ic\u00f3nicos: Machu Picchu y el Valle Sagrado (Ollantaytambo, Moray, etc.).<\/p>\n<\/li>\n<li>\n<p class=\"ds-markdown-paragraph\"><strong>Impresionante belleza natural:<\/strong> El Lago Humantay, el Paso Salkantay y la Monta\u00f1a Arco Iris.<\/p>\n<\/li>\n<li>\n<p class=\"ds-markdown-paragraph\"><strong>Alojamiento \u00fanico:<\/strong> Una noche en C\u00fapulas Geod\u00e9sicas bajo las estrellas.<\/p>\n<\/li>\n<li>\n<p class=\"ds-markdown-paragraph\"><strong>Viajes de lujo:<\/strong> Lo esc\u00e9nico<\/p>\n<\/li>\n<\/ul>\n","protected":false},"excerpt":{"rendered":"<p>Este completo paquete de 5 d\u00edas y 4 noches visitas los destinos esenciales y m\u00e1s impresionantes de Cusco: El Valle Sagrado de los Incas (incluidos Chinchero, Moray, Maras y Ollantaytambo) y la maravilla de Machu Picchu, con el lujoso tren Vistadome. El d\u00eda 3, visitamos el hermoso Lago Humantay y experimentamos el alojamiento en las [&hellip;]<\/p>\n","protected":false},"author":1,"featured_media":4524,"parent":0,"menu_order":0,"comment_status":"closed","ping_status":"closed","template":"","meta":{"_acf_changed":false,"inline_featured_image":false,"footnotes":""},"categories":[41,23],"tags":[42],"class_list":["post-5473","page","type-page","status-publish","has-post-thumbnail","hentry","category-mas-vendido","category-paquetes-peru","tag-mas-vendido"],"acf":[],"yoast_head":"<!-- This site is optimized with the Yoast SEO plugin v27.3 - https:\/\/yoast.com\/product\/yoast-seo-wordpress\/ -->\n<title>Paquete popular con c\u00fapulas de lujo 5D\/4N - Bioandean Expeditions<\/title>\n<meta name=\"robots\" content=\"index, follow, max-snippet:-1, max-image-preview:large, max-video-preview:-1\" \/>\n<link rel=\"canonical\" href=\"https:\/\/bioandeanexpeditions.com\/es\/paquete-popular-con-cupulas-de-lujo-5d-4n\/\" \/>\n<meta property=\"og:locale\" content=\"es_ES\" \/>\n<meta property=\"og:type\" content=\"article\" \/>\n<meta property=\"og:title\" content=\"Paquete popular con c\u00fapulas de lujo 5D\/4N - Bioandean Expeditions\" \/>\n<meta property=\"og:description\" content=\"Este completo paquete de 5 d\u00edas y 4 noches visitas los destinos esenciales y m\u00e1s impresionantes de Cusco: El Valle Sagrado de los Incas (incluidos Chinchero, Moray, Maras y Ollantaytambo) y la maravilla de Machu Picchu, con el lujoso tren Vistadome. El d\u00eda 3, visitamos el hermoso Lago Humantay y experimentamos el alojamiento en las [&hellip;]\" \/>\n<meta property=\"og:url\" content=\"https:\/\/bioandeanexpeditions.com\/es\/paquete-popular-con-cupulas-de-lujo-5d-4n\/\" \/>\n<meta property=\"og:site_name\" content=\"Bioandean Expeditions\" \/>\n<meta property=\"article:modified_time\" content=\"2025-11-12T16:45:30+00:00\" \/>\n<meta property=\"og:image\" content=\"https:\/\/bioandeanexpeditions.com\/wp-content\/uploads\/A018_10300911_T534.jpg\" \/>\n\t<meta property=\"og:image:width\" content=\"2458\" \/>\n\t<meta property=\"og:image:height\" content=\"1383\" \/>\n\t<meta property=\"og:image:type\" content=\"image\/jpeg\" \/>\n<meta name=\"twitter:card\" content=\"summary_large_image\" \/>\n<meta name=\"twitter:label1\" content=\"Est. reading time\" \/>\n\t<meta name=\"twitter:data1\" content=\"1 minute\" \/>\n<script type=\"application\/ld+json\" class=\"yoast-schema-graph\">{\"@context\":\"https:\\\/\\\/schema.org\",\"@graph\":[{\"@type\":\"WebPage\",\"@id\":\"https:\\\/\\\/bioandeanexpeditions.com\\\/es\\\/paquete-popular-con-cupulas-de-lujo-5d-4n\\\/\",\"url\":\"https:\\\/\\\/bioandeanexpeditions.com\\\/es\\\/paquete-popular-con-cupulas-de-lujo-5d-4n\\\/\",\"name\":\"Paquete popular con c\u00fapulas de lujo 5D\\\/4N - Bioandean Expeditions\",\"isPartOf\":{\"@id\":\"https:\\\/\\\/bioandeanexpeditions.com\\\/es\\\/#website\"},\"primaryImageOfPage\":{\"@id\":\"https:\\\/\\\/bioandeanexpeditions.com\\\/es\\\/paquete-popular-con-cupulas-de-lujo-5d-4n\\\/#primaryimage\"},\"image\":{\"@id\":\"https:\\\/\\\/bioandeanexpeditions.com\\\/es\\\/paquete-popular-con-cupulas-de-lujo-5d-4n\\\/#primaryimage\"},\"thumbnailUrl\":\"https:\\\/\\\/bioandeanexpeditions.com\\\/wp-content\\\/uploads\\\/A018_10300911_T534.jpg\",\"datePublished\":\"2025-11-11T21:40:57+00:00\",\"dateModified\":\"2025-11-12T16:45:30+00:00\",\"breadcrumb\":{\"@id\":\"https:\\\/\\\/bioandeanexpeditions.com\\\/es\\\/paquete-popular-con-cupulas-de-lujo-5d-4n\\\/#breadcrumb\"},\"inLanguage\":\"es-ES\",\"potentialAction\":[{\"@type\":\"ReadAction\",\"target\":[\"https:\\\/\\\/bioandeanexpeditions.com\\\/es\\\/paquete-popular-con-cupulas-de-lujo-5d-4n\\\/\"]}]},{\"@type\":\"ImageObject\",\"inLanguage\":\"es-ES\",\"@id\":\"https:\\\/\\\/bioandeanexpeditions.com\\\/es\\\/paquete-popular-con-cupulas-de-lujo-5d-4n\\\/#primaryimage\",\"url\":\"https:\\\/\\\/bioandeanexpeditions.com\\\/wp-content\\\/uploads\\\/A018_10300911_T534.jpg\",\"contentUrl\":\"https:\\\/\\\/bioandeanexpeditions.com\\\/wp-content\\\/uploads\\\/A018_10300911_T534.jpg\",\"width\":2458,\"height\":1383},{\"@type\":\"BreadcrumbList\",\"@id\":\"https:\\\/\\\/bioandeanexpeditions.com\\\/es\\\/paquete-popular-con-cupulas-de-lujo-5d-4n\\\/#breadcrumb\",\"itemListElement\":[{\"@type\":\"ListItem\",\"position\":1,\"name\":\"Home\",\"item\":\"https:\\\/\\\/bioandeanexpeditions.com\\\/es\\\/\"},{\"@type\":\"ListItem\",\"position\":2,\"name\":\"Paquete popular con c\u00fapulas de lujo 5D\\\/4N\"}]},{\"@type\":\"WebSite\",\"@id\":\"https:\\\/\\\/bioandeanexpeditions.com\\\/es\\\/#website\",\"url\":\"https:\\\/\\\/bioandeanexpeditions.com\\\/es\\\/\",\"name\":\"Bioandean Expeditions\",\"description\":\"\",\"potentialAction\":[{\"@type\":\"SearchAction\",\"target\":{\"@type\":\"EntryPoint\",\"urlTemplate\":\"https:\\\/\\\/bioandeanexpeditions.com\\\/es\\\/?s={search_term_string}\"},\"query-input\":{\"@type\":\"PropertyValueSpecification\",\"valueRequired\":true,\"valueName\":\"search_term_string\"}}],\"inLanguage\":\"es-ES\"}]}<\/script>\n<!-- \/ Yoast SEO plugin. -->","yoast_head_json":{"title":"Paquete popular con c\u00fapulas de lujo 5D\/4N - Bioandean Expeditions","robots":{"index":"index","follow":"follow","max-snippet":"max-snippet:-1","max-image-preview":"max-image-preview:large","max-video-preview":"max-video-preview:-1"},"canonical":"https:\/\/bioandeanexpeditions.com\/es\/paquete-popular-con-cupulas-de-lujo-5d-4n\/","og_locale":"es_ES","og_type":"article","og_title":"Paquete popular con c\u00fapulas de lujo 5D\/4N - Bioandean Expeditions","og_description":"Este completo paquete de 5 d\u00edas y 4 noches visitas los destinos esenciales y m\u00e1s impresionantes de Cusco: El Valle Sagrado de los Incas (incluidos Chinchero, Moray, Maras y Ollantaytambo) y la maravilla de Machu Picchu, con el lujoso tren Vistadome. El d\u00eda 3, visitamos el hermoso Lago Humantay y experimentamos el alojamiento en las [&hellip;]","og_url":"https:\/\/bioandeanexpeditions.com\/es\/paquete-popular-con-cupulas-de-lujo-5d-4n\/","og_site_name":"Bioandean Expeditions","article_modified_time":"2025-11-12T16:45:30+00:00","og_image":[{"width":2458,"height":1383,"url":"https:\/\/bioandeanexpeditions.com\/wp-content\/uploads\/A018_10300911_T534.jpg","type":"image\/jpeg"}],"twitter_card":"summary_large_image","twitter_misc":{"Est. reading time":"1 minute"},"schema":{"@context":"https:\/\/schema.org","@graph":[{"@type":"WebPage","@id":"https:\/\/bioandeanexpeditions.com\/es\/paquete-popular-con-cupulas-de-lujo-5d-4n\/","url":"https:\/\/bioandeanexpeditions.com\/es\/paquete-popular-con-cupulas-de-lujo-5d-4n\/","name":"Paquete popular con c\u00fapulas de lujo 5D\/4N - Bioandean Expeditions","isPartOf":{"@id":"https:\/\/bioandeanexpeditions.com\/es\/#website"},"primaryImageOfPage":{"@id":"https:\/\/bioandeanexpeditions.com\/es\/paquete-popular-con-cupulas-de-lujo-5d-4n\/#primaryimage"},"image":{"@id":"https:\/\/bioandeanexpeditions.com\/es\/paquete-popular-con-cupulas-de-lujo-5d-4n\/#primaryimage"},"thumbnailUrl":"https:\/\/bioandeanexpeditions.com\/wp-content\/uploads\/A018_10300911_T534.jpg","datePublished":"2025-11-11T21:40:57+00:00","dateModified":"2025-11-12T16:45:30+00:00","breadcrumb":{"@id":"https:\/\/bioandeanexpeditions.com\/es\/paquete-popular-con-cupulas-de-lujo-5d-4n\/#breadcrumb"},"inLanguage":"es-ES","potentialAction":[{"@type":"ReadAction","target":["https:\/\/bioandeanexpeditions.com\/es\/paquete-popular-con-cupulas-de-lujo-5d-4n\/"]}]},{"@type":"ImageObject","inLanguage":"es-ES","@id":"https:\/\/bioandeanexpeditions.com\/es\/paquete-popular-con-cupulas-de-lujo-5d-4n\/#primaryimage","url":"https:\/\/bioandeanexpeditions.com\/wp-content\/uploads\/A018_10300911_T534.jpg","contentUrl":"https:\/\/bioandeanexpeditions.com\/wp-content\/uploads\/A018_10300911_T534.jpg","width":2458,"height":1383},{"@type":"BreadcrumbList","@id":"https:\/\/bioandeanexpeditions.com\/es\/paquete-popular-con-cupulas-de-lujo-5d-4n\/#breadcrumb","itemListElement":[{"@type":"ListItem","position":1,"name":"Home","item":"https:\/\/bioandeanexpeditions.com\/es\/"},{"@type":"ListItem","position":2,"name":"Paquete popular con c\u00fapulas de lujo 5D\/4N"}]},{"@type":"WebSite","@id":"https:\/\/bioandeanexpeditions.com\/es\/#website","url":"https:\/\/bioandeanexpeditions.com\/es\/","name":"Bioandean Expeditions","description":"","potentialAction":[{"@type":"SearchAction","target":{"@type":"EntryPoint","urlTemplate":"https:\/\/bioandeanexpeditions.com\/es\/?s={search_term_string}"},"query-input":{"@type":"PropertyValueSpecification","valueRequired":true,"valueName":"search_term_string"}}],"inLanguage":"es-ES"}]}},"_links":{"self":[{"href":"https:\/\/bioandeanexpeditions.com\/es\/wp-json\/wp\/v2\/pages\/5473","targetHints":{"allow":["GET"]}}],"collection":[{"href":"https:\/\/bioandeanexpeditions.com\/es\/wp-json\/wp\/v2\/pages"}],"about":[{"href":"https:\/\/bioandeanexpeditions.com\/es\/wp-json\/wp\/v2\/types\/page"}],"author":[{"embeddable":true,"href":"https:\/\/bioandeanexpeditions.com\/es\/wp-json\/wp\/v2\/users\/1"}],"replies":[{"embeddable":true,"href":"https:\/\/bioandeanexpeditions.com\/es\/wp-json\/wp\/v2\/comments?post=5473"}],"version-history":[{"count":2,"href":"https:\/\/bioandeanexpeditions.com\/es\/wp-json\/wp\/v2\/pages\/5473\/revisions"}],"predecessor-version":[{"id":5595,"href":"https:\/\/bioandeanexpeditions.com\/es\/wp-json\/wp\/v2\/pages\/5473\/revisions\/5595"}],"wp:featuredmedia":[{"embeddable":true,"href":"https:\/\/bioandeanexpeditions.com\/es\/wp-json\/wp\/v2\/media\/4524"}],"wp:attachment":[{"href":"https:\/\/bioandeanexpeditions.com\/es\/wp-json\/wp\/v2\/media?parent=5473"}],"wp:term":[{"taxonomy":"category","embeddable":true,"href":"https:\/\/bioandeanexpeditions.com\/es\/wp-json\/wp\/v2\/categories?post=5473"},{"taxonomy":"post_tag","embeddable":true,"href":"https:\/\/bioandeanexpeditions.com\/es\/wp-json\/wp\/v2\/tags?post=5473"}],"curies":[{"name":"wp","href":"https:\/\/api.w.org\/{rel}","templated":true}]}}